{"id":7355,"date":"2019-09-30T13:26:57","date_gmt":"2019-09-30T11:26:57","guid":{"rendered":"https:\/\/zeitschild.de\/allgemeine-geschaeftsbedingungen\/"},"modified":"2022-07-04T17:00:54","modified_gmt":"2022-07-04T15:00:54","slug":"allgemeine-geschaeftsbedingungen","status":"publish","type":"page","link":"https:\/\/zeitschild.de\/en\/allgemeine-geschaeftsbedingungen\/","title":{"rendered":"Allgemeine Gesch\u00e4ftsbedingungen"},"content":{"rendered":"<div class=\"wpb-content-wrapper\">[vc_row thb_divider_position=&#8221;bottom&#8221;][vc_column][vc_empty_space mobile_height=&#8221;10px&#8221; height=&#8221;86px&#8221;][\/vc_column][\/vc_row][vc_row thb_divider_position=&#8221;bottom&#8221;][vc_column][vc_column_text]\n<h2>\u00a7 1. Allgemeines<\/h2>\n<p style=\"text-align: justify;\">(1) Die nachstehenden Allgemeinen Gesch\u00e4ftsbedingungen der Zeitschild Skin Aesthetics GmbH Walter-Frese-Str. 17, 42799 Leichlingen (im Folgenden: \u201eZeitschild\u201c) gelten ausschlie\u00dflich; entgegenstehende oder von diesen Bedingungen abweichende Bedingungen des Kunden erkennt Zeitschild nicht an.<\/p>\n<p style=\"text-align: justify;\">(2) \u201eUnternehmer\u201c im Sinne dieser AGB ist eine nat\u00fcrliche oder juristische Person oder eine rechtsf\u00e4hige Personengesellschaft, die bei Abschluss des Rechtsgesch\u00e4fts mit Zeitschild in Aus\u00fcbung einer gewerblichen oder selbst\u00e4ndigen beruflichen T\u00e4tigkeit handelt (\u00a714 BGB).<\/p>\n<p style=\"text-align: justify;\">(3) \u201eVerbraucher\u201c im Sinne dieser AGB ist derjenige Kunde, der mit Zeitschild ein Rechtsgesch\u00e4ft zu einem Zweck abschlie\u00dft, der weder seinem gewerblichen noch seiner selbst\u00e4ndigen beruflichen T\u00e4tigkeit zugerechnet werden kann (\u00a7 13 BGB).<\/p>\n<p style=\"text-align: justify;\">(4) \u201eFernabsatzvertr\u00e4ge\u201c sind Vertr\u00e4ge \u00fcber die Lieferung von Waren oder \u00fcber die Erbringung von Dienstleistungen, die zwischen Zeitschild und einem Verbraucher unter ausschlie\u00dflicher Verwendung von Fernkommunikationsmitteln abgeschlossen werden.<\/p>\n<h2>\u00a7 2 Angebote \/ Preise \/ Versandkosten<\/h2>\n<p style=\"text-align: justify;\">(1) Die im Online-Shop oder in Brosch\u00fcren, Preislisten und sonstigem Informationsmaterial genannten Preise beinhalten die gesetzliche Mehrwertsteuer.<\/p>\n<p style=\"text-align: justify;\">(2) Zeitschild berechnet f\u00fcr die Lieferung der bestellten Ware Versandkosten, soweit nicht ausdr\u00fccklich der versandkostenfreie Versand angezeigt wird. Der Kunde kann die Versandkosten der Versandkosten\u00fcbersicht entnehmen. Ebenso werden die Versandkosten f\u00fcr ihre ausgew\u00e4hlten Produkte im Rahmen des Online-Bestellvorgangs jeweils im Warenkorb angezeigt.<\/p>\n<p style=\"text-align: justify;\">(3) Beschreibungen der Wirkungsweise von Produkten der Zeitschild haben nicht die Eigenschaft einer Zusicherung oder Garantie.<\/p>\n<h2>\u00a7 3 Vertragsschluss Online-Shop<\/h2>\n<p style=\"text-align: justify;\">(1) Die Darstellung der Produkte im Online-Shop unter zeitschild.com stellt kein rechtlich bindendes Angebot, sondern eine Aufforderung zur Bestellung dar.<\/p>\n<p style=\"text-align: justify;\">(2) Der Kunde gibt mit Abschluss des Bestellprozesses durch Anklicken des Buttons [Kaufen] ein verbindliches Angebot f\u00fcr den Erwerb der von ihm ausgew\u00e4hlten Produkte ab. Den Zugang der Bestellung durch den Kunden best\u00e4tigt Zeitschild durch eine automatisch generierte Bestellbest\u00e4tigung per E-Mail. Diese Bestellbest\u00e4tigung stellt noch keine rechtsverbindliche Annahme durch Zeitschild dar. Zeitschild kann die Bestellung des Kunden durch Versand einer Auftragsbest\u00e4tigung per E-Mail innerhalb von drei Tagen annehmen.<\/p>\n<h2>\u00a7 4 Vertragsschluss Bestellformulare<\/h2>\n<p style=\"text-align: justify;\">(1) Bestellformulare von Zeitschild stellen kein rechtlich bindendes Angebot, sondern eine Aufforderung zur Bestellung dar. Der Kunde gibt mit \u00dcbersendung des ausgef\u00fcllten Bestellformulars ein verbindliches Angebot f\u00fcr den Erwerb der von ihm ausgew\u00e4hlten Produkte ab.<\/p>\n<p style=\"text-align: justify;\">(2) Zeitschild kann die Bestellung des Kunden durch Versand einer Auftragsbest\u00e4tigung per E-Mail oder durch Auslieferung der Ware innerhalb von drei Tagen annehmen.<\/p>\n<h2>\u00a7 5 Widerrufsrecht f\u00fcr Verbraucher bei Fernabsatzvertr\u00e4gen<\/h2>\n<p><strong>Widerrufsbelehrung <\/strong><br \/>\n<strong>Widerrufsrecht <\/strong><\/p>\n<p style=\"text-align: justify;\">Sie haben das Recht, binnen vierzehn Tagen ohne Angabe von Gr\u00fcnden diesen Vertrag zu widerrufen. Die Widerrufsfrist betr\u00e4gt vierzehn Tage ab dem Tag, an dem Sie oder ein von Ihnen benannter Dritter, der nicht der Bef\u00f6rderer ist, die Waren in Besitz genommen haben bzw. hat. Im Fall eines Vertrages \u00fcber mehrere Waren, die Sie im Rahmen einer einheitlichen Bestellung bestellt haben und die getrennt geliefert werden, beginnt die Widerrufsfrist ab dem Tag, an dem Sie oder ein von Ihnen benannter Dritter, der nicht der Bef\u00f6rderer ist, die letzte Ware in Besitz genommen haben bzw. hat.<\/p>\n<p style=\"text-align: justify;\">Um Ihr Widerrufsrecht auszu\u00fcben, m\u00fcssen Sie uns (Zeitschild Skin Aesthetics GmbH Walter-Frese-Str. 17, 42799 Leichlingen, Fax: 02175-8894740, E-Mail info@zeitschild.com) mittels einer eindeutigen Erkl\u00e4rung (z.B. ein mit der Post versandter Brief, Fax oder E-Mail) \u00fcber Ihren Entschluss, diesen Vertrag zu widerrufen, informieren.<\/p>\n<p style=\"text-align: justify;\">Sie k\u00f6nnen daf\u00fcr das beigef\u00fcgte Muster-Widerrufsformular verwenden, das jedoch nicht vorgeschrieben ist. Zur Wahrung der Widerrufsfrist reicht es aus, dass Sie die Mitteilung \u00fcber die Aus\u00fcbung des Widerrufsrechts vor Ablauf der Widerrufsfrist absenden.<\/p>\n<p><strong>Folgen des Widerrufs <\/strong><\/p>\n<p style=\"text-align: justify;\">Wenn Sie diesen Vertrag widerrufen, haben wir alle Zahlungen, die wir von Ihnen erhalten haben, einschlie\u00dflich der Lieferkosten (mit Ausnahme zus\u00e4tzlicher Kosten, die sich daraus ergeben, dass Sie eine andere Art der Lieferung als die von uns angebotene, g\u00fcnstigste Standardlieferung gew\u00e4hlt haben) unverz\u00fcglich, sp\u00e4testens binnen vierzehn Tagen ab dem Tag zur\u00fcckzuzahlen, an dem die Mitteilung \u00fcber Ihren Widerruf dieses Vertrages bei uns eingegangen ist. F\u00fcr die R\u00fcckzahlung verwenden wir dasselbe Zahlungsmittel, das Sie bei der urspr\u00fcnglichen Transaktion eingesetzt haben, es sei denn, mit Ihnen wurde ausdr\u00fccklich etwas anderes vereinbart; in keinem Fall werden Ihnen wegen dieser R\u00fcckzahlung Entgelte berechnet.<\/p>\n<p style=\"text-align: justify;\">Wir k\u00f6nnen die R\u00fcckzahlung verweigern, bis wir die Waren wieder zur\u00fcckerhalten haben oder Sie den Nachweis erbracht haben, dass Sie die Waren zur\u00fcckgesandt haben, je nachdem, welches der fr\u00fchere Zeitpunkt ist.<\/p>\n<p>Sie haben die Ware unverz\u00fcglich und in jedem Fall binnen sp\u00e4testens vierzehn Tagen ab dem Tag, an dem Sie uns \u00fcber den Widerruf dieses Vertrages unterrichten, an die Zeitschild Skin Aesthetics GmbH, Walter-Frese-Str. 17, 42799 Leichlingen, zur\u00fcckzusenden oder zu \u00fcbergeben. Die Frist ist gewahrt, wenn Sie die Waren vor Ablauf der Frist von vierzehn Tagen absenden.<\/p>\n<p>Wir tragen die Kosten der R\u00fccksendung der Waren.<\/p>\n<p style=\"text-align: justify;\">Sie m\u00fcssen f\u00fcr einen etwaigen Wertverlust der Waren nur aufkommen, wenn dieser Wertverlust auf einen zur Pr\u00fcfung der Beschaffenheit, Eigenschaften und der Funktionsweise der Ware nicht notwendigen Umgang mit ihnen zur\u00fcckzuf\u00fchren ist.<\/p>\n<p><strong>Ausschluss des Widerrufsrechts <\/strong><\/p>\n<p style=\"text-align: justify;\">Das Widerrufsrecht besteht nicht bei Vertr\u00e4gen \u00fcber die Lieferung von Waren, die aus Gr\u00fcnden des Gesundheitsschutzes oder der Hygiene nicht zur R\u00fcckgabe geeignet sind, wenn ihre Versiegelung nach der Lieferung entfernt wurde.<\/p>\n<p><strong>Ende der Widerrufsbelehrung <\/strong><\/p>\n<h2>\u00a7 6 Lieferung, Eigentumsvorbehalt, Gefahr\u00fcbergang<\/h2>\n<p style=\"text-align: justify;\">(1) Die Lieferzeit nach Auftragsbest\u00e4tigung betr\u00e4gt 4-6 Tage. Zeitschild informiert den Kunden \u00fcber die Lieferzeit in der Auftragsbest\u00e4tigung. Eine Abholung der Ware ist nicht m\u00f6glich.<\/p>\n<p>(2) Die Lieferung erfolgt per Paketdienst.<\/p>\n<p style=\"text-align: justify;\">(3) Hat der Kunde mit Zeitschild vereinbart, dass die Kaufpreiszahlung nach Lieferung oder auf Rechnung erfolgen soll, verbleibt die Ware bis zur vollst\u00e4ndigen Kaufpreiszahlung im Eigentum von Zeitschild.<\/p>\n<p style=\"text-align: justify;\">(4) Ist der Kunde Unternehmer, erfolgt der Versand der Ware auf Gefahr des Kunden. Die Gefahr geht hierbei auf den Kunden \u00fcber, wenn der Liefergegenstand das Werk verlassen hat, in dem Zeitschild die Ware dem Spediteur, dem Frachtf\u00fchrer oder einer sonst zur Ausf\u00fchrung der Versendung bestimmten Person oder Anstalt ausgeliefert hat, selbst wenn frachtfreie Lieferung vereinbart wurde.<\/p>\n<h2>\u00a7 7 Gew\u00e4hrleistung gegen\u00fcber Verbrauchern<\/h2>\n<p>Ist der Kunde Verbraucher, richtet sich die Gew\u00e4hrleistung nach den gesetzlichen Bestimmungen.<\/p>\n<h2>\u00a7 8 Gew\u00e4hrleistung gegen\u00fcber Unternehmern<\/h2>\n<p style=\"text-align: justify;\">(1) Sofern der Kunde Unternehmer ist, betr\u00e4gt die Verj\u00e4hrungsfrist f\u00fcr die Gew\u00e4hrleistungsanspr\u00fcche ein Jahr ab Ablieferung. Die Verj\u00e4hrungsfrist im Falle eines Lieferregresses nach \u00a7\u00a7 478, 479 BGB bleibt unber\u00fchrt; sie betr\u00e4gt 5 Jahre, gerechnet ab Ablieferung der mangelhaften Sache. Ebenfalls unber\u00fchrt bleiben gesetzliche Verj\u00e4hrungsfristen wegen Schadensersatzanspr\u00fcchen aufgrund schuldhafter Verletzung von K\u00f6rper, Gesundheit und Leben sowie f\u00fcr sonstige vors\u00e4tzliche und grob fahrl\u00e4ssige Pflichtverletzungen von Zeitschild, ihren gesetzlichen Vertretern und Erf\u00fcllungsgehilfen.<\/p>\n<p style=\"text-align: justify;\">(2) Die Geltendmachung von Gew\u00e4hrleistungsanspr\u00fcchen durch einen Unternehmer setzt voraus, dass dieser seiner nach \u00a7 377 HGB geschuldeten Untersuchungs- und R\u00fcgeobliegenheit ordnungsgem\u00e4\u00df nachgekommen ist.<\/p>\n<p style=\"text-align: justify;\">(3) Bei einem Mangel des Kaufgegenstandes kann Zeitschild zwischen M\u00e4ngelbeseitigung und Ersatzlieferung w\u00e4hlen. Sofern die Nachbesserung oder Ersatzlieferung fehlschl\u00e4gt, ist der Kunde nach seiner Wahl berechtigt, vom Vertrag zur\u00fcckzutreten oder eine entsprechende Herabsetzung des Kaufpreises zu verlangen.<\/p>\n<h2>\u00a7 9 Aufrechnung, Zur\u00fcckbehaltungsrecht<\/h2>\n<p style=\"text-align: justify;\">Wenn der Kunde Unternehmer ist, stehen Aufrechnungsrechte dem Kunden nur zu, wenn seine Gegenanspr\u00fcche rechtskr\u00e4ftig festgestellt, unbestritten oder von Zeitschild anerkannt sind. Der Unternehmer als Kunde ist zur Aus\u00fcbung eines Zur\u00fcckbehaltungsrechts nur insoweit befugt, als sein Gegenanspruch auf demselben Vertragsverh\u00e4ltnis beruht.<\/p>\n<h2>\u00a7 10 Haftung<\/h2>\n<p style=\"text-align: justify;\">(1) Bei durch Zeitschild und\/oder ihrer Erf\u00fcllungsgehilfen verursachten Sch\u00e4den haftet Zeitschild bei Vorsatz und grober Fahrl\u00e4ssigkeit, auch ihrer Erf\u00fcllungsgehilfen, nach den gesetzlichen Bestimmungen. Das Gleiche gilt bei fahrl\u00e4ssig verursachten Sch\u00e4den aus der Verletzung des Lebens, des K\u00f6rpers oder der Gesundheit sowie bei Anspr\u00fcchen gem. \u00a7\u00a7 1, 4 Produkthaftungsgesetz.<\/p>\n<p style=\"text-align: justify;\">(2) Bei fahrl\u00e4ssig verursachten Sach- und Verm\u00f6genssch\u00e4den haften Zeitschild und seine Erf\u00fcllungsgehilfen nur bei der Verletzung einer wesentlichen Vertragspflicht, jedoch der H\u00f6he nach beschr\u00e4nkt auf die bei Vertragsschluss vorhersehbaren und vertragstypischen Sch\u00e4den (wesentliche Vertragspflichten sind solche, deren Erf\u00fcllung den Vertrag pr\u00e4gt und auf die der Kunde vertrauen darf). Im \u00dcbrigen ist die Haftung ausgeschlossen.<\/p>\n<h2>\u00a7 11 Gerichtsstand, anwendbares Recht, Vertragssprache<\/h2>\n<p style=\"text-align: justify;\">(1) Sofern der Kunde Vollkaufmann oder eine K\u00f6rperschaft des \u00f6ffentlichen Rechts ist, ist der Sitz von Zeitschild Gerichtsstand; Zeitschild ist jedoch berechtigt, den Kunden auch an seinem Wohnsitzgericht zu verklagen.<\/p>\n<p style=\"text-align: justify;\">(2) F\u00fcr die Gesch\u00e4ftsbeziehung zwischen Zeitschild und dem Kunden ist ausschlie\u00dflich das Recht der Bundesrepublik Deutschland unter Ausschluss des UN-Kaufrechts anwendbar, soweit nicht zwingende Verbraucherschutzvorschriften die Anwendung eines anderen Rechts erfordern. (3) Vertragssprache ist deutsch. F\u00fcr den Vertragsschluss steht ausschlie\u00dflich die deutsche Sprache zur Verf\u00fcgung.<\/p>\n<h2>\u00a7 12 Anbieterkennzeichnung<\/h2>\n<p>Zeitschild GmbH<br \/>\nWalter-Frese-Str. 17<br \/>\n42799 Leichlingen<br \/>\nAlleinvertretungsberechtigte Gesch\u00e4ftsf\u00fchrer: Hermann Mintel, Martina Kaiser-Mintel<\/p>\n<p>Tel. 02175-8894777<br \/>\nFax: 02175-8894740<br \/>\nE-Mail: info@zeitschild.com<\/p>\n<p><a class=\"file pdf\" href=\"https:\/\/zeitschild.de\/wp-content\/uploads\/2016\/09\/agb.pdf\" target=\"_blank\" rel=\"noopener noreferrer\">Allgemeine Gesch\u00e4ftsbedingungen der Zeitschild GmbH<\/a>[\/vc_column_text][\/vc_column][\/vc_row]\n<\/div>","protected":false},"excerpt":{"rendered":"<p>[vc_row thb_divider_position=&#8221;bottom&#8221;][vc_column][vc_empty_space mobile_height=&#8221;10px&#8221; height=&#8221;86px&#8221;][\/vc_column][\/vc_row][vc_row thb_divider_position=&#8221;bottom&#8221;][vc_column][vc_column_text] \u00a7 1. Allgemeines (1) Die nachstehenden Allgemeinen Gesch\u00e4ftsbedingungen der Zeitschild Skin Aesthetics GmbH Walter-Frese-Str. 17, 42799 Leichlingen (im Folgenden: \u201eZeitschild\u201c) gelten ausschlie\u00dflich; entgegenstehende oder von diesen Bedingungen abweichende Bedingungen des Kunden erkennt Zeitschild nicht an. (2) \u201eUnternehmer\u201c im Sinne dieser AGB ist eine nat\u00fcrliche oder juristische Person oder eine rechtsf\u00e4hige&hellip;<\/p>\n","protected":false},"author":1,"featured_media":0,"parent":0,"menu_order":0,"comment_status":"closed","ping_status":"closed","template":"","meta":{"footnotes":""},"class_list":["post-7355","page","type-page","status-publish","hentry"],"yoast_head":"<!-- This site is optimized with the Yoast SEO plugin v27.3 - https:\/\/yoast.com\/product\/yoast-seo-wordpress\/ -->\n<title>Zeitschild GmbH - allgemeine Gesch\u00e4ftsbedingungen<\/title>\n<meta name=\"description\" content=\"Die Zeitschild Gesichtspflege und K\u00f6rperpflege sch\u00fctzt die Haut langfristig vor Feuchtigkeitsverlust und Schadstoffen.\" \/>\n<meta name=\"robots\" content=\"noindex, nofollow\" \/>\n<meta property=\"og:locale\" content=\"en_US\" \/>\n<meta property=\"og:type\" content=\"article\" \/>\n<meta property=\"og:title\" content=\"Zeitschild GmbH - allgemeine Gesch\u00e4ftsbedingungen\" \/>\n<meta property=\"og:description\" content=\"Die Zeitschild Gesichtspflege und K\u00f6rperpflege sch\u00fctzt die Haut langfristig vor Feuchtigkeitsverlust und Schadstoffen.\" \/>\n<meta property=\"og:url\" content=\"https:\/\/zeitschild.de\/en\/allgemeine-geschaeftsbedingungen\/\" \/>\n<meta property=\"og:site_name\" content=\"Zeitschild\" \/>\n<meta property=\"article:publisher\" content=\"https:\/\/www.facebook.com\/zeitschild\/\" \/>\n<meta property=\"article:modified_time\" content=\"2022-07-04T15:00:54+00:00\" \/>\n<meta name=\"twitter:card\" content=\"summary_large_image\" \/>\n<meta name=\"twitter:label1\" content=\"Est. reading time\" \/>\n\t<meta name=\"twitter:data1\" content=\"7 minutes\" \/>\n<script type=\"application\/ld+json\" class=\"yoast-schema-graph\">{\"@context\":\"https:\\\/\\\/schema.org\",\"@graph\":[{\"@type\":\"WebPage\",\"@id\":\"https:\\\/\\\/zeitschild.de\\\/en\\\/allgemeine-geschaeftsbedingungen\\\/\",\"url\":\"https:\\\/\\\/zeitschild.de\\\/en\\\/allgemeine-geschaeftsbedingungen\\\/\",\"name\":\"Zeitschild GmbH - allgemeine Gesch\u00e4ftsbedingungen\",\"isPartOf\":{\"@id\":\"https:\\\/\\\/zeitschild.de\\\/en\\\/#website\"},\"datePublished\":\"2019-09-30T11:26:57+00:00\",\"dateModified\":\"2022-07-04T15:00:54+00:00\",\"description\":\"Die Zeitschild Gesichtspflege und K\u00f6rperpflege sch\u00fctzt die Haut langfristig vor Feuchtigkeitsverlust und Schadstoffen.\",\"breadcrumb\":{\"@id\":\"https:\\\/\\\/zeitschild.de\\\/en\\\/allgemeine-geschaeftsbedingungen\\\/#breadcrumb\"},\"inLanguage\":\"en-US\",\"potentialAction\":[{\"@type\":\"ReadAction\",\"target\":[\"https:\\\/\\\/zeitschild.de\\\/en\\\/allgemeine-geschaeftsbedingungen\\\/\"]}]},{\"@type\":\"BreadcrumbList\",\"@id\":\"https:\\\/\\\/zeitschild.de\\\/en\\\/allgemeine-geschaeftsbedingungen\\\/#breadcrumb\",\"itemListElement\":[{\"@type\":\"ListItem\",\"position\":1,\"name\":\"Startseite\",\"item\":\"https:\\\/\\\/zeitschild.de\\\/en\\\/\"},{\"@type\":\"ListItem\",\"position\":2,\"name\":\"Allgemeine Gesch\u00e4ftsbedingungen\"}]},{\"@type\":\"WebSite\",\"@id\":\"https:\\\/\\\/zeitschild.de\\\/en\\\/#website\",\"url\":\"https:\\\/\\\/zeitschild.de\\\/en\\\/\",\"name\":\"Zeitschild GmbH\",\"description\":\"Hautpflege | Gesichtspflege | Tagescreme | Nachtcreme\",\"publisher\":{\"@id\":\"https:\\\/\\\/zeitschild.de\\\/en\\\/#organization\"},\"potentialAction\":[{\"@type\":\"SearchAction\",\"target\":{\"@type\":\"EntryPoint\",\"urlTemplate\":\"https:\\\/\\\/zeitschild.de\\\/en\\\/?s={search_term_string}\"},\"query-input\":{\"@type\":\"PropertyValueSpecification\",\"valueRequired\":true,\"valueName\":\"search_term_string\"}}],\"inLanguage\":\"en-US\"},{\"@type\":\"Organization\",\"@id\":\"https:\\\/\\\/zeitschild.de\\\/en\\\/#organization\",\"name\":\"Zeitschild GmbH\",\"url\":\"https:\\\/\\\/zeitschild.de\\\/en\\\/\",\"logo\":{\"@type\":\"ImageObject\",\"inLanguage\":\"en-US\",\"@id\":\"https:\\\/\\\/zeitschild.de\\\/en\\\/#\\\/schema\\\/logo\\\/image\\\/\",\"url\":\"https:\\\/\\\/zeitschild.de\\\/wp-content\\\/uploads\\\/2019\\\/09\\\/Logo_Zeitschild_3c72.png\",\"contentUrl\":\"https:\\\/\\\/zeitschild.de\\\/wp-content\\\/uploads\\\/2019\\\/09\\\/Logo_Zeitschild_3c72.png\",\"width\":212,\"height\":45,\"caption\":\"Zeitschild GmbH\"},\"image\":{\"@id\":\"https:\\\/\\\/zeitschild.de\\\/en\\\/#\\\/schema\\\/logo\\\/image\\\/\"},\"sameAs\":[\"https:\\\/\\\/www.facebook.com\\\/zeitschild\\\/\",\"https:\\\/\\\/www.instagram.com\\\/zeitschild\\\/\",\"https:\\\/\\\/www.youtube.com\\\/channel\\\/UCMyKYFDf3bbeF_ozJ1UXpbw\"]}]}<\/script>\n<!-- \/ Yoast SEO plugin. -->","yoast_head_json":{"title":"Zeitschild GmbH - allgemeine Gesch\u00e4ftsbedingungen","description":"Die Zeitschild Gesichtspflege und K\u00f6rperpflege sch\u00fctzt die Haut langfristig vor Feuchtigkeitsverlust und Schadstoffen.","robots":{"index":"noindex","follow":"nofollow"},"og_locale":"en_US","og_type":"article","og_title":"Zeitschild GmbH - allgemeine Gesch\u00e4ftsbedingungen","og_description":"Die Zeitschild Gesichtspflege und K\u00f6rperpflege sch\u00fctzt die Haut langfristig vor Feuchtigkeitsverlust und Schadstoffen.","og_url":"https:\/\/zeitschild.de\/en\/allgemeine-geschaeftsbedingungen\/","og_site_name":"Zeitschild","article_publisher":"https:\/\/www.facebook.com\/zeitschild\/","article_modified_time":"2022-07-04T15:00:54+00:00","twitter_card":"summary_large_image","twitter_misc":{"Est. reading time":"7 minutes"},"schema":{"@context":"https:\/\/schema.org","@graph":[{"@type":"WebPage","@id":"https:\/\/zeitschild.de\/en\/allgemeine-geschaeftsbedingungen\/","url":"https:\/\/zeitschild.de\/en\/allgemeine-geschaeftsbedingungen\/","name":"Zeitschild GmbH - allgemeine Gesch\u00e4ftsbedingungen","isPartOf":{"@id":"https:\/\/zeitschild.de\/en\/#website"},"datePublished":"2019-09-30T11:26:57+00:00","dateModified":"2022-07-04T15:00:54+00:00","description":"Die Zeitschild Gesichtspflege und K\u00f6rperpflege sch\u00fctzt die Haut langfristig vor Feuchtigkeitsverlust und Schadstoffen.","breadcrumb":{"@id":"https:\/\/zeitschild.de\/en\/allgemeine-geschaeftsbedingungen\/#breadcrumb"},"inLanguage":"en-US","potentialAction":[{"@type":"ReadAction","target":["https:\/\/zeitschild.de\/en\/allgemeine-geschaeftsbedingungen\/"]}]},{"@type":"BreadcrumbList","@id":"https:\/\/zeitschild.de\/en\/allgemeine-geschaeftsbedingungen\/#breadcrumb","itemListElement":[{"@type":"ListItem","position":1,"name":"Startseite","item":"https:\/\/zeitschild.de\/en\/"},{"@type":"ListItem","position":2,"name":"Allgemeine Gesch\u00e4ftsbedingungen"}]},{"@type":"WebSite","@id":"https:\/\/zeitschild.de\/en\/#website","url":"https:\/\/zeitschild.de\/en\/","name":"Zeitschild GmbH","description":"Hautpflege | Gesichtspflege | Tagescreme | Nachtcreme","publisher":{"@id":"https:\/\/zeitschild.de\/en\/#organization"},"potentialAction":[{"@type":"SearchAction","target":{"@type":"EntryPoint","urlTemplate":"https:\/\/zeitschild.de\/en\/?s={search_term_string}"},"query-input":{"@type":"PropertyValueSpecification","valueRequired":true,"valueName":"search_term_string"}}],"inLanguage":"en-US"},{"@type":"Organization","@id":"https:\/\/zeitschild.de\/en\/#organization","name":"Zeitschild GmbH","url":"https:\/\/zeitschild.de\/en\/","logo":{"@type":"ImageObject","inLanguage":"en-US","@id":"https:\/\/zeitschild.de\/en\/#\/schema\/logo\/image\/","url":"https:\/\/zeitschild.de\/wp-content\/uploads\/2019\/09\/Logo_Zeitschild_3c72.png","contentUrl":"https:\/\/zeitschild.de\/wp-content\/uploads\/2019\/09\/Logo_Zeitschild_3c72.png","width":212,"height":45,"caption":"Zeitschild GmbH"},"image":{"@id":"https:\/\/zeitschild.de\/en\/#\/schema\/logo\/image\/"},"sameAs":["https:\/\/www.facebook.com\/zeitschild\/","https:\/\/www.instagram.com\/zeitschild\/","https:\/\/www.youtube.com\/channel\/UCMyKYFDf3bbeF_ozJ1UXpbw"]}]}},"_links":{"self":[{"href":"https:\/\/zeitschild.de\/en\/wp-json\/wp\/v2\/pages\/7355","targetHints":{"allow":["GET"]}}],"collection":[{"href":"https:\/\/zeitschild.de\/en\/wp-json\/wp\/v2\/pages"}],"about":[{"href":"https:\/\/zeitschild.de\/en\/wp-json\/wp\/v2\/types\/page"}],"author":[{"embeddable":true,"href":"https:\/\/zeitschild.de\/en\/wp-json\/wp\/v2\/users\/1"}],"replies":[{"embeddable":true,"href":"https:\/\/zeitschild.de\/en\/wp-json\/wp\/v2\/comments?post=7355"}],"version-history":[{"count":0,"href":"https:\/\/zeitschild.de\/en\/wp-json\/wp\/v2\/pages\/7355\/revisions"}],"wp:attachment":[{"href":"https:\/\/zeitschild.de\/en\/wp-json\/wp\/v2\/media?parent=7355"}],"curies":[{"name":"wp","href":"https:\/\/api.w.org\/{rel}","templated":true}]}}