{"id":7382,"date":"2019-09-30T14:24:34","date_gmt":"2019-09-30T12:24:34","guid":{"rendered":"https:\/\/zeitschild.de\/widerrufsbelehrung-4\/"},"modified":"2019-09-30T14:24:34","modified_gmt":"2019-09-30T12:24:34","slug":"widerrufsbelehrung-4","status":"publish","type":"page","link":"https:\/\/zeitschild.de\/en\/widerrufsbelehrung-4\/","title":{"rendered":"Widerrufsbelehrung"},"content":{"rendered":"<div class=\"wpb-content-wrapper\">[vc_row thb_divider_position=&#8221;bottom&#8221;][vc_column][vc_empty_space mobile_height=&#8221;10px&#8221; height=&#8221;86px&#8221;][\/vc_column][\/vc_row][vc_row thb_divider_position=&#8221;bottom&#8221;][vc_column][vc_column_text]\n<p style=\"text-align: justify;\">Wenn Sie Verbraucher sind, d.h. mit uns ein Rechtsgesch\u00e4ft zu einem Zweck abschlie\u00dfen, der weder Ihrer gewerblichen noch Ihrer selbst\u00e4ndigen beruflichen T\u00e4tigkeit zugerechnet werden kann, haben Sie folgendes Widerrufsrecht:<\/p>\n<p><strong>Widerrufsrecht <\/strong><\/p>\n<p style=\"text-align: justify;\">Sie haben das Recht, binnen vierzehn Tagen ohne Angabe von Gr\u00fcnden diesen Vertrag zu widerrufen. Die Widerrufsfrist betr\u00e4gt vierzehn Tage ab dem Tag, an dem Sie oder ein von Ihnen benannter Dritter, der nicht der Bef\u00f6rderer ist, die Waren in Besitz genommen haben bzw. hat. Im Fall eines Vertrages \u00fcber mehrere Waren, die Sie im Rahmen einer einheitlichen Bestellung bestellt haben und die getrennt geliefert werden, beginnt die Widerrufsfrist ab dem Tag, an dem Sie oder ein von Ihnen benannter Dritter, der nicht der Bef\u00f6rderer ist, die letzte Ware in Besitz genommen haben bzw. hat.<\/p>\n<p style=\"text-align: justify;\">Um Ihr Widerrufsrecht auszu\u00fcben, m\u00fcssen Sie uns (Zeitschild Skin Aesthetics GmbH Walter-Frese-Str. 17, 42799 Leichlingen, Fax: 02175-8894740, E-Mail info@zeitschild.com) mittels einer eindeutigen Erkl\u00e4rung (z.B. ein mit der Post versandter Brief, Fax oder E-Mail) \u00fcber Ihren Entschluss, diesen Vertrag zu widerrufen, informieren.<\/p>\n<p style=\"text-align: justify;\">Sie k\u00f6nnen daf\u00fcr das beigef\u00fcgte Muster-Widerrufsformular verwenden, das jedoch nicht vorgeschrieben ist.<\/p>\n<p style=\"text-align: justify;\">Zur Wahrung der Widerrufsfrist reicht es aus, dass Sie die Mitteilung \u00fcber die Aus\u00fcbung des Widerrufsrechts vor Ablauf der Widerrufsfrist absenden.<\/p>\n<p><strong>Folgen des Widerrufs <\/strong><\/p>\n<p style=\"text-align: justify;\">Wenn Sie diesen Vertrag widerrufen, haben wir alle Zahlungen, die wir von Ihnen erhalten haben, einschlie\u00dflich der Lieferkosten (mit Ausnahme zus\u00e4tzlicher Kosten, die sich daraus ergeben, dass Sie eine andere Art der Lieferung als die von uns angebotene, g\u00fcnstigste Standardlieferung gew\u00e4hlt haben) unverz\u00fcglich, sp\u00e4testens binnen vierzehn Tagen ab dem Tag zur\u00fcckzuzahlen, an dem die Mitteilung \u00fcber Ihren Widerruf dieses Vertrages bei uns eingegangen ist. F\u00fcr die R\u00fcckzahlung verwenden wir dasselbe Zahlungsmittel, das Sie bei der urspr\u00fcnglichen Transaktion eingesetzt haben, es sei denn, mit Ihnen wurde ausdr\u00fccklich etwas anderes vereinbart; in keinem Fall werden Ihnen wegen dieser R\u00fcckzahlung Entgelte berechnet.<\/p>\n<p style=\"text-align: justify;\">Wir k\u00f6nnen die R\u00fcckzahlung verweigern, bis wir die Waren wieder zur\u00fcckerhalten haben oder Sie den Nachweis erbracht haben, dass Sie die Waren zur\u00fcckgesandt haben, je nachdem, welches der fr\u00fchere Zeitpunkt ist.<\/p>\n<p style=\"text-align: justify;\">Sie haben die Ware unverz\u00fcglich und in jedem Fall binnen sp\u00e4testens vierzehn Tagen ab dem Tag, an dem Sie uns \u00fcber den Widerruf dieses Vertrages unterrichten, an die Zeitschild Skin Aesthetics GmbH, Walter-Frese-Str. 17, 42799 Leichlingen, zur\u00fcckzusenden oder zu \u00fcbergeben. Die Frist ist gewahrt, wenn Sie die Waren vor Ablauf der Frist von vierzehn Tagen absenden.<\/p>\n<p>Wir tragen die Kosten der R\u00fccksendung der Waren.<\/p>\n<p style=\"text-align: justify;\">Sie m\u00fcssen f\u00fcr einen etwaigen Wertverlust der Waren nur aufkommen, wenn dieser Wertverlust auf einen zur Pr\u00fcfung der Beschaffenheit, Eigenschaften und der Funktionsweise der Ware nicht notwendigen Umgang mit ihnen zur\u00fcckzuf\u00fchren ist.<\/p>\n<p><strong>Ausschluss des Widerrufsrechts <\/strong><\/p>\n<p style=\"text-align: justify;\">Das Widerrufsrecht besteht nicht bei Vertr\u00e4gen \u00fcber die Lieferung von Waren, die aus Gr\u00fcnden des Gesundheitsschutzes oder der Hygiene nicht zur R\u00fcckgabe geeignet sind, wenn ihre Versiegelung nach der Lieferung entfernt wurde.<\/p>\n<p><strong>Ende der Widerrufsbelehrung <\/strong><br \/>\n<a class=\"file pdf\" href=\"https:\/\/zeitschild.de\/wp-content\/uploads\/2019\/09\/widerrufsbelehrung.pdf\" target=\"_blank\" rel=\"noopener noreferrer\">Widerrufsrecht und Muster-Widerrufsformular f\u00fcr Verbraucher<\/a>[\/vc_column_text][\/vc_column][\/vc_row]\n<\/div>","protected":false},"excerpt":{"rendered":"<p>[vc_row thb_divider_position=&#8221;bottom&#8221;][vc_column][vc_empty_space mobile_height=&#8221;10px&#8221; height=&#8221;86px&#8221;][\/vc_column][\/vc_row][vc_row thb_divider_position=&#8221;bottom&#8221;][vc_column][vc_column_text] Wenn Sie Verbraucher sind, d.h. mit uns ein Rechtsgesch\u00e4ft zu einem Zweck abschlie\u00dfen, der weder Ihrer gewerblichen noch Ihrer selbst\u00e4ndigen beruflichen T\u00e4tigkeit zugerechnet werden kann, haben Sie folgendes Widerrufsrecht: Widerrufsrecht Sie haben das Recht, binnen vierzehn Tagen ohne Angabe von Gr\u00fcnden diesen Vertrag zu widerrufen. Die Widerrufsfrist betr\u00e4gt vierzehn Tage&hellip;<\/p>\n","protected":false},"author":1,"featured_media":0,"parent":0,"menu_order":0,"comment_status":"closed","ping_status":"closed","template":"page-default.php","meta":{"footnotes":""},"class_list":["post-7382","page","type-page","status-publish","hentry"],"yoast_head":"<!-- This site is optimized with the Yoast SEO plugin v27.3 - https:\/\/yoast.com\/product\/yoast-seo-wordpress\/ -->\n<title>Widerrufsbelehrung - Zeitschild<\/title>\n<meta name=\"robots\" content=\"index, follow, max-snippet:-1, max-image-preview:large, max-video-preview:-1\" \/>\n<link rel=\"canonical\" href=\"https:\/\/zeitschild.de\/en\/widerrufsbelehrung-4\/\" \/>\n<meta property=\"og:locale\" content=\"en_US\" \/>\n<meta property=\"og:type\" content=\"article\" \/>\n<meta property=\"og:title\" content=\"Widerrufsbelehrung - Zeitschild\" \/>\n<meta property=\"og:description\" content=\"[vc_row thb_divider_position=&#8221;bottom&#8221;][vc_column][vc_empty_space mobile_height=&#8221;10px&#8221; height=&#8221;86px&#8221;][\/vc_column][\/vc_row][vc_row thb_divider_position=&#8221;bottom&#8221;][vc_column][vc_column_text] Wenn Sie Verbraucher sind, d.h. mit uns ein Rechtsgesch\u00e4ft zu einem Zweck abschlie\u00dfen, der weder Ihrer gewerblichen noch Ihrer selbst\u00e4ndigen beruflichen T\u00e4tigkeit zugerechnet werden kann, haben Sie folgendes Widerrufsrecht: Widerrufsrecht Sie haben das Recht, binnen vierzehn Tagen ohne Angabe von Gr\u00fcnden diesen Vertrag zu widerrufen. Die Widerrufsfrist betr\u00e4gt vierzehn Tage&hellip;\" \/>\n<meta property=\"og:url\" content=\"https:\/\/zeitschild.de\/en\/widerrufsbelehrung-4\/\" \/>\n<meta property=\"og:site_name\" content=\"Zeitschild\" \/>\n<meta property=\"article:publisher\" content=\"https:\/\/www.facebook.com\/zeitschild\/\" \/>\n<meta name=\"twitter:card\" content=\"summary_large_image\" \/>\n<meta name=\"twitter:label1\" content=\"Est. reading time\" \/>\n\t<meta name=\"twitter:data1\" content=\"3 minutes\" \/>\n<script type=\"application\/ld+json\" class=\"yoast-schema-graph\">{\"@context\":\"https:\\\/\\\/schema.org\",\"@graph\":[{\"@type\":\"WebPage\",\"@id\":\"https:\\\/\\\/zeitschild.de\\\/en\\\/widerrufsbelehrung-4\\\/\",\"url\":\"https:\\\/\\\/zeitschild.de\\\/en\\\/widerrufsbelehrung-4\\\/\",\"name\":\"Widerrufsbelehrung - Zeitschild\",\"isPartOf\":{\"@id\":\"https:\\\/\\\/zeitschild.de\\\/en\\\/#website\"},\"datePublished\":\"2019-09-30T12:24:34+00:00\",\"breadcrumb\":{\"@id\":\"https:\\\/\\\/zeitschild.de\\\/en\\\/widerrufsbelehrung-4\\\/#breadcrumb\"},\"inLanguage\":\"en-US\",\"potentialAction\":[{\"@type\":\"ReadAction\",\"target\":[\"https:\\\/\\\/zeitschild.de\\\/en\\\/widerrufsbelehrung-4\\\/\"]}]},{\"@type\":\"BreadcrumbList\",\"@id\":\"https:\\\/\\\/zeitschild.de\\\/en\\\/widerrufsbelehrung-4\\\/#breadcrumb\",\"itemListElement\":[{\"@type\":\"ListItem\",\"position\":1,\"name\":\"Startseite\",\"item\":\"https:\\\/\\\/zeitschild.de\\\/en\\\/\"},{\"@type\":\"ListItem\",\"position\":2,\"name\":\"Widerrufsbelehrung\"}]},{\"@type\":\"WebSite\",\"@id\":\"https:\\\/\\\/zeitschild.de\\\/en\\\/#website\",\"url\":\"https:\\\/\\\/zeitschild.de\\\/en\\\/\",\"name\":\"Zeitschild GmbH\",\"description\":\"Hautpflege | Gesichtspflege | Tagescreme | Nachtcreme\",\"publisher\":{\"@id\":\"https:\\\/\\\/zeitschild.de\\\/en\\\/#organization\"},\"potentialAction\":[{\"@type\":\"SearchAction\",\"target\":{\"@type\":\"EntryPoint\",\"urlTemplate\":\"https:\\\/\\\/zeitschild.de\\\/en\\\/?s={search_term_string}\"},\"query-input\":{\"@type\":\"PropertyValueSpecification\",\"valueRequired\":true,\"valueName\":\"search_term_string\"}}],\"inLanguage\":\"en-US\"},{\"@type\":\"Organization\",\"@id\":\"https:\\\/\\\/zeitschild.de\\\/en\\\/#organization\",\"name\":\"Zeitschild GmbH\",\"url\":\"https:\\\/\\\/zeitschild.de\\\/en\\\/\",\"logo\":{\"@type\":\"ImageObject\",\"inLanguage\":\"en-US\",\"@id\":\"https:\\\/\\\/zeitschild.de\\\/en\\\/#\\\/schema\\\/logo\\\/image\\\/\",\"url\":\"https:\\\/\\\/zeitschild.de\\\/wp-content\\\/uploads\\\/2019\\\/09\\\/Logo_Zeitschild_3c72.png\",\"contentUrl\":\"https:\\\/\\\/zeitschild.de\\\/wp-content\\\/uploads\\\/2019\\\/09\\\/Logo_Zeitschild_3c72.png\",\"width\":212,\"height\":45,\"caption\":\"Zeitschild GmbH\"},\"image\":{\"@id\":\"https:\\\/\\\/zeitschild.de\\\/en\\\/#\\\/schema\\\/logo\\\/image\\\/\"},\"sameAs\":[\"https:\\\/\\\/www.facebook.com\\\/zeitschild\\\/\",\"https:\\\/\\\/www.instagram.com\\\/zeitschild\\\/\",\"https:\\\/\\\/www.youtube.com\\\/channel\\\/UCMyKYFDf3bbeF_ozJ1UXpbw\"]}]}<\/script>\n<!-- \/ Yoast SEO plugin. -->","yoast_head_json":{"title":"Widerrufsbelehrung - Zeitschild","robots":{"index":"index","follow":"follow","max-snippet":"max-snippet:-1","max-image-preview":"max-image-preview:large","max-video-preview":"max-video-preview:-1"},"canonical":"https:\/\/zeitschild.de\/en\/widerrufsbelehrung-4\/","og_locale":"en_US","og_type":"article","og_title":"Widerrufsbelehrung - Zeitschild","og_description":"[vc_row thb_divider_position=&#8221;bottom&#8221;][vc_column][vc_empty_space mobile_height=&#8221;10px&#8221; height=&#8221;86px&#8221;][\/vc_column][\/vc_row][vc_row thb_divider_position=&#8221;bottom&#8221;][vc_column][vc_column_text] Wenn Sie Verbraucher sind, d.h. mit uns ein Rechtsgesch\u00e4ft zu einem Zweck abschlie\u00dfen, der weder Ihrer gewerblichen noch Ihrer selbst\u00e4ndigen beruflichen T\u00e4tigkeit zugerechnet werden kann, haben Sie folgendes Widerrufsrecht: Widerrufsrecht Sie haben das Recht, binnen vierzehn Tagen ohne Angabe von Gr\u00fcnden diesen Vertrag zu widerrufen. Die Widerrufsfrist betr\u00e4gt vierzehn Tage&hellip;","og_url":"https:\/\/zeitschild.de\/en\/widerrufsbelehrung-4\/","og_site_name":"Zeitschild","article_publisher":"https:\/\/www.facebook.com\/zeitschild\/","twitter_card":"summary_large_image","twitter_misc":{"Est. reading time":"3 minutes"},"schema":{"@context":"https:\/\/schema.org","@graph":[{"@type":"WebPage","@id":"https:\/\/zeitschild.de\/en\/widerrufsbelehrung-4\/","url":"https:\/\/zeitschild.de\/en\/widerrufsbelehrung-4\/","name":"Widerrufsbelehrung - Zeitschild","isPartOf":{"@id":"https:\/\/zeitschild.de\/en\/#website"},"datePublished":"2019-09-30T12:24:34+00:00","breadcrumb":{"@id":"https:\/\/zeitschild.de\/en\/widerrufsbelehrung-4\/#breadcrumb"},"inLanguage":"en-US","potentialAction":[{"@type":"ReadAction","target":["https:\/\/zeitschild.de\/en\/widerrufsbelehrung-4\/"]}]},{"@type":"BreadcrumbList","@id":"https:\/\/zeitschild.de\/en\/widerrufsbelehrung-4\/#breadcrumb","itemListElement":[{"@type":"ListItem","position":1,"name":"Startseite","item":"https:\/\/zeitschild.de\/en\/"},{"@type":"ListItem","position":2,"name":"Widerrufsbelehrung"}]},{"@type":"WebSite","@id":"https:\/\/zeitschild.de\/en\/#website","url":"https:\/\/zeitschild.de\/en\/","name":"Zeitschild GmbH","description":"Hautpflege | Gesichtspflege | Tagescreme | Nachtcreme","publisher":{"@id":"https:\/\/zeitschild.de\/en\/#organization"},"potentialAction":[{"@type":"SearchAction","target":{"@type":"EntryPoint","urlTemplate":"https:\/\/zeitschild.de\/en\/?s={search_term_string}"},"query-input":{"@type":"PropertyValueSpecification","valueRequired":true,"valueName":"search_term_string"}}],"inLanguage":"en-US"},{"@type":"Organization","@id":"https:\/\/zeitschild.de\/en\/#organization","name":"Zeitschild GmbH","url":"https:\/\/zeitschild.de\/en\/","logo":{"@type":"ImageObject","inLanguage":"en-US","@id":"https:\/\/zeitschild.de\/en\/#\/schema\/logo\/image\/","url":"https:\/\/zeitschild.de\/wp-content\/uploads\/2019\/09\/Logo_Zeitschild_3c72.png","contentUrl":"https:\/\/zeitschild.de\/wp-content\/uploads\/2019\/09\/Logo_Zeitschild_3c72.png","width":212,"height":45,"caption":"Zeitschild GmbH"},"image":{"@id":"https:\/\/zeitschild.de\/en\/#\/schema\/logo\/image\/"},"sameAs":["https:\/\/www.facebook.com\/zeitschild\/","https:\/\/www.instagram.com\/zeitschild\/","https:\/\/www.youtube.com\/channel\/UCMyKYFDf3bbeF_ozJ1UXpbw"]}]}},"_links":{"self":[{"href":"https:\/\/zeitschild.de\/en\/wp-json\/wp\/v2\/pages\/7382","targetHints":{"allow":["GET"]}}],"collection":[{"href":"https:\/\/zeitschild.de\/en\/wp-json\/wp\/v2\/pages"}],"about":[{"href":"https:\/\/zeitschild.de\/en\/wp-json\/wp\/v2\/types\/page"}],"author":[{"embeddable":true,"href":"https:\/\/zeitschild.de\/en\/wp-json\/wp\/v2\/users\/1"}],"replies":[{"embeddable":true,"href":"https:\/\/zeitschild.de\/en\/wp-json\/wp\/v2\/comments?post=7382"}],"version-history":[{"count":0,"href":"https:\/\/zeitschild.de\/en\/wp-json\/wp\/v2\/pages\/7382\/revisions"}],"wp:attachment":[{"href":"https:\/\/zeitschild.de\/en\/wp-json\/wp\/v2\/media?parent=7382"}],"curies":[{"name":"wp","href":"https:\/\/api.w.org\/{rel}","templated":true}]}}