{"id":7397,"date":"2020-11-24T15:09:32","date_gmt":"2020-11-24T14:09:32","guid":{"rendered":"https:\/\/zeitschild.de\/gesichtspflege\/"},"modified":"2020-11-24T15:09:32","modified_gmt":"2020-11-24T14:09:32","slug":"gesichtspflege","status":"publish","type":"page","link":"https:\/\/zeitschild.de\/en\/gesichtspflege\/","title":{"rendered":"Gesichtspflege"},"content":{"rendered":"<div class=\"wpb-content-wrapper\">[vc_row thb_divider_position=&#8221;bottom&#8221;][vc_column][vc_empty_space mobile_height=&#8221;10px&#8221; height=&#8221;86px&#8221;][\/vc_column][\/vc_row][vc_row thb_divider_position=&#8221;bottom&#8221;][vc_column][vc_single_image image=&#8221;6937&#8243; img_size=&#8221;full&#8221; alignment=&#8221;center&#8221;][vc_empty_space mobile_height=&#8221;10px&#8221; height=&#8221;40px&#8221;][\/vc_column][\/vc_row][vc_row thb_divider_position=&#8221;bottom&#8221;][vc_column][vc_custom_heading text=&#8221;Gesichtspflege&#8221; font_container=&#8221;tag:h1|font_size:36px|text_align:left&#8221; use_theme_fonts=&#8221;yes&#8221; el_id=&#8221;ueberschrift_h1&#8243;][\/vc_column][\/vc_row][vc_row thb_divider_position=&#8221;bottom&#8221;][vc_column width=&#8221;1\/2&#8243;][vc_column_text]\n<p style=\"text-align: justify;\">Zeitschild Skin Aesthetics Cremes sind die Revolution in der Gesichtspflege. Mit der patentierten OLT\u00ae-Technologie sorgen sie f\u00fcr gesunde und dauerhaft sch\u00f6ne Haut und beugen zugleich der Hautalterung durch Umweltbelastungen und Feuchtigkeitsverlust vor. Werde eins mit Deiner Haut: OLT\u00ae st\u00e4rkt und sch\u00fctzt, indem sie wichtige Strukturen der Haut simuliert. Die Gesichtscreme von Zeitschild enthalten deshalb dicht gepackte Membran-Lipide und entsprechen damit der DNA der Hautbarriere. Das wirkt der Hautalterung optimal entgegen \u2013 Antiaging in Perfektion.<br \/>\nZeitschild wendet sich mit seiner innovativen Technologie bewusst von der Gesichtspflege mit Wasser-\u00d6l-Emulsionen ab, die die nat\u00fcrlichen Lipide der Haut auswaschen und sie ins Ungleichgewicht bringen. Zeitschild Skin Aesthetics Cremes geben der Haut damit alles, was ihr hilft, gesund und l\u00e4nger jung zu bleiben.[\/vc_column_text][\/vc_column][vc_column width=&#8221;1\/2&#8243;][vc_custom_heading text=&#8221;Tagescreme, Nachtcreme und Reinigungslotion&#8221; use_theme_fonts=&#8221;yes&#8221;][vc_column_text css=&#8221;.vc_custom_1621548289056{margin-top: 20px !important;}&#8221;]\n<p style=\"text-align: justify;\">Die Tagescremes \u2013 rechthaltig oder sensitive &#8211; und unsere <a href=\"https:\/\/zeitschild.de\/shop\/zeitschild-skin-aesthetics-nachtpflege\/\">Nachtcreme<\/a> \u2013 vereinen alle Aspekte, die Sie f\u00fcr den Schutz Ihrer Haut brauchen: W\u00e4hlen Sie die f\u00fcr Sie geeignete Zeitschild-Gesichtspflege je nachdem, ob Sie zu trockener, sehr trockener oder empfindlicher Haut neigen. Speziell f\u00fcr die reife Haut empfehlen wir die <a href=\"https:\/\/zeitschild.de\/shop\/zeitschild-skin-aesthetics-tagespflege-reichhaltig\/\">reichhaltige Tagescreme<\/a> von Zeitschild Skin Aesthetics.<br \/>\nDie <a href=\"https:\/\/zeitschild.de\/shop\/zeitschild-skin-aesthetics-reinigungslotion\/\">Reinigungslotion<\/a> von Zeitschild rundet Ihre perfekte Gesichtspflege ab. Die sanfte, tensidfreie Reinigungslotion entfernt hautschonend Schmutz, Unreinheiten und Make-up und ist perfekt f\u00fcr die Pflege der empfindlichen, trockenen und sehr trockenen Haut.[\/vc_column_text][\/vc_column][\/vc_row]\n<\/div>","protected":false},"excerpt":{"rendered":"<p>[vc_row thb_divider_position=&#8221;bottom&#8221;][vc_column][vc_empty_space mobile_height=&#8221;10px&#8221; height=&#8221;86px&#8221;][\/vc_column][\/vc_row][vc_row thb_divider_position=&#8221;bottom&#8221;][vc_column][vc_single_image image=&#8221;6937&#8243; img_size=&#8221;full&#8221; alignment=&#8221;center&#8221;][vc_empty_space mobile_height=&#8221;10px&#8221; height=&#8221;40px&#8221;][\/vc_column][\/vc_row][vc_row thb_divider_position=&#8221;bottom&#8221;][vc_column][vc_custom_heading text=&#8221;Gesichtspflege&#8221; font_container=&#8221;tag:h1|font_size:36px|text_align:left&#8221; use_theme_fonts=&#8221;yes&#8221; el_id=&#8221;ueberschrift_h1&#8243;][\/vc_column][\/vc_row][vc_row thb_divider_position=&#8221;bottom&#8221;][vc_column width=&#8221;1\/2&#8243;][vc_column_text] Zeitschild Skin Aesthetics Cremes sind die Revolution in der Gesichtspflege. Mit der patentierten OLT\u00ae-Technologie sorgen sie f\u00fcr gesunde und dauerhaft sch\u00f6ne Haut und beugen zugleich der Hautalterung durch Umweltbelastungen und Feuchtigkeitsverlust vor. Werde eins mit Deiner Haut: OLT\u00ae&hellip;<\/p>\n","protected":false},"author":1,"featured_media":0,"parent":0,"menu_order":0,"comment_status":"closed","ping_status":"closed","template":"page-default.php","meta":{"footnotes":""},"class_list":["post-7397","page","type-page","status-publish","hentry"],"yoast_head":"<!-- This site is optimized with the Yoast SEO plugin v27.3 - https:\/\/yoast.com\/product\/yoast-seo-wordpress\/ -->\n<title>Gesichtspflege - Zeitschild<\/title>\n<meta name=\"robots\" content=\"index, follow, max-snippet:-1, max-image-preview:large, max-video-preview:-1\" \/>\n<link rel=\"canonical\" href=\"https:\/\/zeitschild.de\/en\/gesichtspflege\/\" \/>\n<meta property=\"og:locale\" content=\"en_US\" \/>\n<meta property=\"og:type\" content=\"article\" \/>\n<meta property=\"og:title\" content=\"Gesichtspflege - Zeitschild\" \/>\n<meta property=\"og:description\" content=\"[vc_row thb_divider_position=&#8221;bottom&#8221;][vc_column][vc_empty_space mobile_height=&#8221;10px&#8221; height=&#8221;86px&#8221;][\/vc_column][\/vc_row][vc_row thb_divider_position=&#8221;bottom&#8221;][vc_column][vc_single_image image=&#8221;6937&#8243; img_size=&#8221;full&#8221; alignment=&#8221;center&#8221;][vc_empty_space mobile_height=&#8221;10px&#8221; height=&#8221;40px&#8221;][\/vc_column][\/vc_row][vc_row thb_divider_position=&#8221;bottom&#8221;][vc_column][vc_custom_heading text=&#8221;Gesichtspflege&#8221; font_container=&#8221;tag:h1|font_size:36px|text_align:left&#8221; use_theme_fonts=&#8221;yes&#8221; el_id=&#8221;ueberschrift_h1&#8243;][\/vc_column][\/vc_row][vc_row thb_divider_position=&#8221;bottom&#8221;][vc_column width=&#8221;1\/2&#8243;][vc_column_text] Zeitschild Skin Aesthetics Cremes sind die Revolution in der Gesichtspflege. Mit der patentierten OLT\u00ae-Technologie sorgen sie f\u00fcr gesunde und dauerhaft sch\u00f6ne Haut und beugen zugleich der Hautalterung durch Umweltbelastungen und Feuchtigkeitsverlust vor. Werde eins mit Deiner Haut: OLT\u00ae&hellip;\" \/>\n<meta property=\"og:url\" content=\"https:\/\/zeitschild.de\/en\/gesichtspflege\/\" \/>\n<meta property=\"og:site_name\" content=\"Zeitschild\" \/>\n<meta property=\"article:publisher\" content=\"https:\/\/www.facebook.com\/zeitschild\/\" \/>\n<meta name=\"twitter:card\" content=\"summary_large_image\" \/>\n<meta name=\"twitter:label1\" content=\"Est. reading time\" \/>\n\t<meta name=\"twitter:data1\" content=\"2 minutes\" \/>\n<script type=\"application\/ld+json\" class=\"yoast-schema-graph\">{\"@context\":\"https:\\\/\\\/schema.org\",\"@graph\":[{\"@type\":\"WebPage\",\"@id\":\"https:\\\/\\\/zeitschild.de\\\/en\\\/gesichtspflege\\\/\",\"url\":\"https:\\\/\\\/zeitschild.de\\\/en\\\/gesichtspflege\\\/\",\"name\":\"Gesichtspflege - Zeitschild\",\"isPartOf\":{\"@id\":\"https:\\\/\\\/zeitschild.de\\\/en\\\/#website\"},\"datePublished\":\"2020-11-24T14:09:32+00:00\",\"breadcrumb\":{\"@id\":\"https:\\\/\\\/zeitschild.de\\\/en\\\/gesichtspflege\\\/#breadcrumb\"},\"inLanguage\":\"en-US\",\"potentialAction\":[{\"@type\":\"ReadAction\",\"target\":[\"https:\\\/\\\/zeitschild.de\\\/en\\\/gesichtspflege\\\/\"]}]},{\"@type\":\"BreadcrumbList\",\"@id\":\"https:\\\/\\\/zeitschild.de\\\/en\\\/gesichtspflege\\\/#breadcrumb\",\"itemListElement\":[{\"@type\":\"ListItem\",\"position\":1,\"name\":\"Startseite\",\"item\":\"https:\\\/\\\/zeitschild.de\\\/en\\\/\"},{\"@type\":\"ListItem\",\"position\":2,\"name\":\"Gesichtspflege\"}]},{\"@type\":\"WebSite\",\"@id\":\"https:\\\/\\\/zeitschild.de\\\/en\\\/#website\",\"url\":\"https:\\\/\\\/zeitschild.de\\\/en\\\/\",\"name\":\"Zeitschild GmbH\",\"description\":\"Hautpflege | Gesichtspflege | Tagescreme | Nachtcreme\",\"publisher\":{\"@id\":\"https:\\\/\\\/zeitschild.de\\\/en\\\/#organization\"},\"potentialAction\":[{\"@type\":\"SearchAction\",\"target\":{\"@type\":\"EntryPoint\",\"urlTemplate\":\"https:\\\/\\\/zeitschild.de\\\/en\\\/?s={search_term_string}\"},\"query-input\":{\"@type\":\"PropertyValueSpecification\",\"valueRequired\":true,\"valueName\":\"search_term_string\"}}],\"inLanguage\":\"en-US\"},{\"@type\":\"Organization\",\"@id\":\"https:\\\/\\\/zeitschild.de\\\/en\\\/#organization\",\"name\":\"Zeitschild GmbH\",\"url\":\"https:\\\/\\\/zeitschild.de\\\/en\\\/\",\"logo\":{\"@type\":\"ImageObject\",\"inLanguage\":\"en-US\",\"@id\":\"https:\\\/\\\/zeitschild.de\\\/en\\\/#\\\/schema\\\/logo\\\/image\\\/\",\"url\":\"https:\\\/\\\/zeitschild.de\\\/wp-content\\\/uploads\\\/2019\\\/09\\\/Logo_Zeitschild_3c72.png\",\"contentUrl\":\"https:\\\/\\\/zeitschild.de\\\/wp-content\\\/uploads\\\/2019\\\/09\\\/Logo_Zeitschild_3c72.png\",\"width\":212,\"height\":45,\"caption\":\"Zeitschild GmbH\"},\"image\":{\"@id\":\"https:\\\/\\\/zeitschild.de\\\/en\\\/#\\\/schema\\\/logo\\\/image\\\/\"},\"sameAs\":[\"https:\\\/\\\/www.facebook.com\\\/zeitschild\\\/\",\"https:\\\/\\\/www.instagram.com\\\/zeitschild\\\/\",\"https:\\\/\\\/www.youtube.com\\\/channel\\\/UCMyKYFDf3bbeF_ozJ1UXpbw\"]}]}<\/script>\n<!-- \/ Yoast SEO plugin. -->","yoast_head_json":{"title":"Gesichtspflege - Zeitschild","robots":{"index":"index","follow":"follow","max-snippet":"max-snippet:-1","max-image-preview":"max-image-preview:large","max-video-preview":"max-video-preview:-1"},"canonical":"https:\/\/zeitschild.de\/en\/gesichtspflege\/","og_locale":"en_US","og_type":"article","og_title":"Gesichtspflege - Zeitschild","og_description":"[vc_row thb_divider_position=&#8221;bottom&#8221;][vc_column][vc_empty_space mobile_height=&#8221;10px&#8221; height=&#8221;86px&#8221;][\/vc_column][\/vc_row][vc_row thb_divider_position=&#8221;bottom&#8221;][vc_column][vc_single_image image=&#8221;6937&#8243; img_size=&#8221;full&#8221; alignment=&#8221;center&#8221;][vc_empty_space mobile_height=&#8221;10px&#8221; height=&#8221;40px&#8221;][\/vc_column][\/vc_row][vc_row thb_divider_position=&#8221;bottom&#8221;][vc_column][vc_custom_heading text=&#8221;Gesichtspflege&#8221; font_container=&#8221;tag:h1|font_size:36px|text_align:left&#8221; use_theme_fonts=&#8221;yes&#8221; el_id=&#8221;ueberschrift_h1&#8243;][\/vc_column][\/vc_row][vc_row thb_divider_position=&#8221;bottom&#8221;][vc_column width=&#8221;1\/2&#8243;][vc_column_text] Zeitschild Skin Aesthetics Cremes sind die Revolution in der Gesichtspflege. Mit der patentierten OLT\u00ae-Technologie sorgen sie f\u00fcr gesunde und dauerhaft sch\u00f6ne Haut und beugen zugleich der Hautalterung durch Umweltbelastungen und Feuchtigkeitsverlust vor. Werde eins mit Deiner Haut: OLT\u00ae&hellip;","og_url":"https:\/\/zeitschild.de\/en\/gesichtspflege\/","og_site_name":"Zeitschild","article_publisher":"https:\/\/www.facebook.com\/zeitschild\/","twitter_card":"summary_large_image","twitter_misc":{"Est. reading time":"2 minutes"},"schema":{"@context":"https:\/\/schema.org","@graph":[{"@type":"WebPage","@id":"https:\/\/zeitschild.de\/en\/gesichtspflege\/","url":"https:\/\/zeitschild.de\/en\/gesichtspflege\/","name":"Gesichtspflege - Zeitschild","isPartOf":{"@id":"https:\/\/zeitschild.de\/en\/#website"},"datePublished":"2020-11-24T14:09:32+00:00","breadcrumb":{"@id":"https:\/\/zeitschild.de\/en\/gesichtspflege\/#breadcrumb"},"inLanguage":"en-US","potentialAction":[{"@type":"ReadAction","target":["https:\/\/zeitschild.de\/en\/gesichtspflege\/"]}]},{"@type":"BreadcrumbList","@id":"https:\/\/zeitschild.de\/en\/gesichtspflege\/#breadcrumb","itemListElement":[{"@type":"ListItem","position":1,"name":"Startseite","item":"https:\/\/zeitschild.de\/en\/"},{"@type":"ListItem","position":2,"name":"Gesichtspflege"}]},{"@type":"WebSite","@id":"https:\/\/zeitschild.de\/en\/#website","url":"https:\/\/zeitschild.de\/en\/","name":"Zeitschild GmbH","description":"Hautpflege | Gesichtspflege | Tagescreme | Nachtcreme","publisher":{"@id":"https:\/\/zeitschild.de\/en\/#organization"},"potentialAction":[{"@type":"SearchAction","target":{"@type":"EntryPoint","urlTemplate":"https:\/\/zeitschild.de\/en\/?s={search_term_string}"},"query-input":{"@type":"PropertyValueSpecification","valueRequired":true,"valueName":"search_term_string"}}],"inLanguage":"en-US"},{"@type":"Organization","@id":"https:\/\/zeitschild.de\/en\/#organization","name":"Zeitschild GmbH","url":"https:\/\/zeitschild.de\/en\/","logo":{"@type":"ImageObject","inLanguage":"en-US","@id":"https:\/\/zeitschild.de\/en\/#\/schema\/logo\/image\/","url":"https:\/\/zeitschild.de\/wp-content\/uploads\/2019\/09\/Logo_Zeitschild_3c72.png","contentUrl":"https:\/\/zeitschild.de\/wp-content\/uploads\/2019\/09\/Logo_Zeitschild_3c72.png","width":212,"height":45,"caption":"Zeitschild GmbH"},"image":{"@id":"https:\/\/zeitschild.de\/en\/#\/schema\/logo\/image\/"},"sameAs":["https:\/\/www.facebook.com\/zeitschild\/","https:\/\/www.instagram.com\/zeitschild\/","https:\/\/www.youtube.com\/channel\/UCMyKYFDf3bbeF_ozJ1UXpbw"]}]}},"_links":{"self":[{"href":"https:\/\/zeitschild.de\/en\/wp-json\/wp\/v2\/pages\/7397","targetHints":{"allow":["GET"]}}],"collection":[{"href":"https:\/\/zeitschild.de\/en\/wp-json\/wp\/v2\/pages"}],"about":[{"href":"https:\/\/zeitschild.de\/en\/wp-json\/wp\/v2\/types\/page"}],"author":[{"embeddable":true,"href":"https:\/\/zeitschild.de\/en\/wp-json\/wp\/v2\/users\/1"}],"replies":[{"embeddable":true,"href":"https:\/\/zeitschild.de\/en\/wp-json\/wp\/v2\/comments?post=7397"}],"version-history":[{"count":0,"href":"https:\/\/zeitschild.de\/en\/wp-json\/wp\/v2\/pages\/7397\/revisions"}],"wp:attachment":[{"href":"https:\/\/zeitschild.de\/en\/wp-json\/wp\/v2\/media?parent=7397"}],"curies":[{"name":"wp","href":"https:\/\/api.w.org\/{rel}","templated":true}]}}