{"id":7406,"date":"2021-05-20T23:33:02","date_gmt":"2021-05-20T21:33:02","guid":{"rendered":"https:\/\/zeitschild.de\/koerperpflege-produkte\/"},"modified":"2024-10-08T22:14:27","modified_gmt":"2024-10-08T20:14:27","slug":"koerperpflege-produkte","status":"publish","type":"page","link":"https:\/\/zeitschild.de\/en\/koerperpflege-produkte\/","title":{"rendered":"K\u00f6rperpflege Produkte"},"content":{"rendered":"<div class=\"wpb-content-wrapper\">[vc_row thb_divider_position=&#8221;bottom&#8221;][vc_column][vc_empty_space mobile_height=&#8221;10px&#8221; height=&#8221;60px&#8221;][layerslider_vc id=&#8221;3&#8243;][vc_empty_space mobile_height=&#8221;10px&#8221; height=&#8221;60px&#8221;][\/vc_column][\/vc_row][vc_row thb_divider_position=&#8221;bottom&#8221;][vc_column width=&#8221;1\/4&#8243;][vc_widget_sidebar sidebar_id=&#8221;shop&#8221;][\/vc_column][vc_column width=&#8221;3\/4&#8243;]<div class=\"woocommerce columns-3 \"><div class=\"row\">\n<ul class=\"products row thb-main-products full-width-row small-up-1 medium-up-2 large-up-3\">\n<li class=\"column thb_hover style2 product type-product post-6084 status-publish first instock product_cat-creme product_tag-basispflege product_tag-handcreme product_tag-hautschutz product_tag-lichtbedingte-hautalterung product_tag-neurodermitis product_tag-o-l-t-technologie product_tag-psoriaris product_tag-reife-haut product_tag-sensible-haut product_tag-trockene-haut has-post-thumbnail taxable shipping-taxable purchasable product-type-variable has-default-attributes\">\n\t<div style=\"border:2px solid #f6f6f6;\"><div class=\"product_holder\" style=\"border:0;\"><a href=\"https:\/\/zeitschild.de\/produkt\/zeitschild-skin-aesthetics-sensitive-hand-treatment\/\" class=\"woocommerce-LoopProduct-link woocommerce-loop-product__link\"><img decoding=\"async\" width=\"300\" height=\"300\" src=\"data:image\/gif;base64,R0lGODlhAQABAAAAACH5BAEKAAEALAAAAAABAAEAAAICTAEAOw==\" class=\"attachment-shop_catalog size-shop_catalog thb-lazyload lazyload wp-post-image\" alt=\"Zeitschild Handcreme\" title=\"Zeitschild Handcreme\" sizes=\"(max-width: 300px) 100vw, 300px\" data-src=\"https:\/\/zeitschild.de\/wp-content\/uploads\/2020\/11\/zeitschild-creme-hand-treatment-75ml-ohne-fond-1024x1024pxl-300x300.png\" data-sizes=\"auto\" data-srcset=\"https:\/\/zeitschild.de\/wp-content\/uploads\/2020\/11\/zeitschild-creme-hand-treatment-75ml-ohne-fond-1024x1024pxl-300x300.png 300w, https:\/\/zeitschild.de\/wp-content\/uploads\/2020\/11\/zeitschild-creme-hand-treatment-75ml-ohne-fond-1024x1024pxl-100x100.png 100w, https:\/\/zeitschild.de\/wp-content\/uploads\/2020\/11\/zeitschild-creme-hand-treatment-75ml-ohne-fond-1024x1024pxl-150x150.png 150w, https:\/\/zeitschild.de\/wp-content\/uploads\/2020\/11\/zeitschild-creme-hand-treatment-75ml-ohne-fond-1024x1024pxl-20x20.png 20w\" \/><a rel=\"nofollow\" href=\"https:\/\/zeitschild.de\/produkt\/zeitschild-skin-aesthetics-sensitive-hand-treatment\/\" data-quantity=\"1\" data-product_id=\"6084\" data-product_sku=\"\" class=\"product_type_variable add_to_cart_button\"><div class=\"thb_button_icon\"><svg xmlns=\"http:\/\/www.w3.org\/2000\/svg\" viewBox=\"0 0 64 64\" enable-background=\"new 0 0 64 64\"><g fill=\"none\" stroke=\"#000\" stroke-width=\"2\" stroke-miterlimit=\"10\"><path d=\"m32 50v-36\"\/><path d=\"m14 32h36\"\/><\/g><\/svg><\/div> <span>Select options<\/span><\/a>\t<span id=\"woocommerce_loop_add_to_cart_link_describedby_6084\" class=\"screen-reader-text\">\n\t\tThis product has multiple variants. The options may be chosen on the product page\t<\/span>\n<\/div><div class=\"thb_title_holder\"><a href=\"https:\/\/zeitschild.de\/produkt\/zeitschild-skin-aesthetics-sensitive-hand-treatment\/\" class=\"woocommerce-LoopProduct-link woocommerce-loop-product__link\"><h2 class=\"woocommerce-loop-product__title\">The Sensitive Hand Treatment<\/h2><\/a><\/div><\/a><div class=\"woocommerce-product-details__short-description\">\r\n\t<p>Schutz und Erholung<br \/>\nAlle Hauttypen<\/p>\n<\/div>\r\n\r\n\r\n\r\n\t<form class=\"variations_form cart\" id=\"Simon\" action=\"https:\/\/zeitschild.de\/produkt\/zeitschild-skin-aesthetics-sensitive-hand-treatment\/\" method=\"post\" enctype='multipart\/form-data' data-product_id=\"6084\" data-product_variations=\"[{&quot;attributes&quot;:{&quot;attribute_inhalt&quot;:&quot;75 ml&quot;},&quot;availability_html&quot;:&quot;&quot;,&quot;backorders_allowed&quot;:false,&quot;dimensions&quot;:{&quot;length&quot;:&quot;&quot;,&quot;width&quot;:&quot;&quot;,&quot;height&quot;:&quot;&quot;},&quot;dimensions_html&quot;:&quot;N\\\/A&quot;,&quot;display_price&quot;:17,&quot;display_regular_price&quot;:17,&quot;image&quot;:{&quot;title&quot;:&quot;Zeitschild Handpflege&quot;,&quot;caption&quot;:&quot;&quot;,&quot;url&quot;:&quot;https:\\\/\\\/zeitschild.de\\\/wp-content\\\/uploads\\\/2020\\\/10\\\/zeitschild-hand-treatment.png&quot;,&quot;alt&quot;:&quot;Zeitschild Handpflege&quot;,&quot;src&quot;:&quot;https:\\\/\\\/zeitschild.de\\\/wp-content\\\/uploads\\\/2020\\\/10\\\/zeitschild-hand-treatment.png&quot;,&quot;srcset&quot;:&quot;https:\\\/\\\/zeitschild.de\\\/wp-content\\\/uploads\\\/2020\\\/10\\\/zeitschild-hand-treatment.png 600w, https:\\\/\\\/zeitschild.de\\\/wp-content\\\/uploads\\\/2020\\\/10\\\/zeitschild-hand-treatment-300x300.png 300w, https:\\\/\\\/zeitschild.de\\\/wp-content\\\/uploads\\\/2020\\\/10\\\/zeitschild-hand-treatment-100x100.png 100w, https:\\\/\\\/zeitschild.de\\\/wp-content\\\/uploads\\\/2020\\\/10\\\/zeitschild-hand-treatment-150x150.png 150w, https:\\\/\\\/zeitschild.de\\\/wp-content\\\/uploads\\\/2020\\\/10\\\/zeitschild-hand-treatment-320x320.png 320w, https:\\\/\\\/zeitschild.de\\\/wp-content\\\/uploads\\\/2020\\\/10\\\/zeitschild-hand-treatment-20x20.png 20w&quot;,&quot;sizes&quot;:&quot;(max-width: 600px) 100vw, 600px&quot;,&quot;full_src&quot;:&quot;https:\\\/\\\/zeitschild.de\\\/wp-content\\\/uploads\\\/2020\\\/10\\\/zeitschild-hand-treatment.png&quot;,&quot;full_src_w&quot;:600,&quot;full_src_h&quot;:600,&quot;gallery_thumbnail_src&quot;:&quot;https:\\\/\\\/zeitschild.de\\\/wp-content\\\/uploads\\\/2020\\\/10\\\/zeitschild-hand-treatment-100x100.png&quot;,&quot;gallery_thumbnail_src_w&quot;:100,&quot;gallery_thumbnail_src_h&quot;:100,&quot;thumb_src&quot;:&quot;https:\\\/\\\/zeitschild.de\\\/wp-content\\\/uploads\\\/2020\\\/10\\\/zeitschild-hand-treatment-300x300.png&quot;,&quot;thumb_src_w&quot;:300,&quot;thumb_src_h&quot;:300,&quot;src_w&quot;:600,&quot;src_h&quot;:600},&quot;image_id&quot;:6086,&quot;is_downloadable&quot;:false,&quot;is_in_stock&quot;:true,&quot;is_purchasable&quot;:true,&quot;is_sold_individually&quot;:&quot;no&quot;,&quot;is_virtual&quot;:false,&quot;max_qty&quot;:&quot;&quot;,&quot;min_qty&quot;:1,&quot;price_html&quot;:&quot;&lt;span class=\\&quot;price\\&quot;&gt;&lt;span class=\\&quot;woocommerce-Price-amount amount\\&quot;&gt;&lt;bdi&gt;17,00&amp;nbsp;&lt;span class=\\&quot;woocommerce-Price-currencySymbol\\&quot;&gt;&amp;euro;&lt;\\\/span&gt;&lt;\\\/bdi&gt;&lt;\\\/span&gt;&lt;\\\/span&gt;&quot;,&quot;sku&quot;:&quot;HT75ML&quot;,&quot;variation_description&quot;:&quot;&quot;,&quot;variation_id&quot;:6085,&quot;variation_is_active&quot;:true,&quot;variation_is_visible&quot;:true,&quot;weight&quot;:&quot;&quot;,&quot;weight_html&quot;:&quot;N\\\/A&quot;,&quot;_text_fieldVarGrundpreis&quot;:&quot;22,67&quot;,&quot;_text_fieldVarIDPreis&quot;:&quot;16,15&quot;,&quot;_text_fieldVarGrundpreisID&quot;:&quot;21,53&quot;}]\">\r\n\t\r\n\t\t\t<table class=\"alg_wc_variations_table\" cellspacing=\"0\" style=\"background-color:#eee;margin-bottom:0;border:0;width:100%;\">\r\n<tbody style=\"border-top:1px solid #f1f1f1;border-bottom:1px solid #f1f1f1;border-left:0;border-right:0;\">\r\n<tr>\r\n<td><strong>Inhalt:<\/strong><\/td>\r\n<!--<td><h2 class=\"woocommerce-loop-product__title\"><p class=\"price\"><\/p><\/h2><\/td>-->\t\t\t<td class=\"alg_wc_variations_default_input_wrapper\" style=\"width:10%;\"><input class=\"alg_wc_variations_radio_input\" id=\"alg_wc_variation_6085\" name=\"alg_wc_variations_input\" type=\"radio\" attribute_inhalt=\"75 ml\" variation_id=\"6085\" checked='checked'><\/td>\r\n\t\t\t<td class=\"alg_wc_variations_default_label_wrapper\"><label for=\"alg_wc_variation_6085\">75 ml<br><small><\/small><\/label><\/td><\/tr>\r\n<\/tbody>\r\n<\/table><input type=\"hidden\" name=\"attribute_inhalt\" value=\"\">\r\n\t\t<div class=\"single_variation_wrap\">\r\n\t\t\t<div class=\"woocommerce-variation single_variation\" role=\"alert\" aria-relevant=\"additions\"><\/div><!--\n<div class=\"woocommerce-variation-add-to-cart variations_button\">\n\t<table>\n\t\t<tr style=\"background-color:#f1f1f1;\">\n\t\t\t<td>\n\t\n\t\t<\/td>\n\t<td><a style=\"color:#fff !important;\" href=\"#\" class=\"single_add_to_cart_button button alt button_dach\" target=\"_self\" title=\"Shop\"><span>Produktdetails<\/span><\/a><\/td>\n\t<td>\n\t-->\n\t<!--<button type=\"submit\" class=\"single_add_to_cart_button button alt button_dach\" style=\"color:#fff;\"><i class=\"fal fa-shopping-cart\"><\/i><\/button>-->\n\t<!--<button type=\"submit\" class=\"single_add_to_cart_button button alt button_dach\" style=\"color:#fff;\"><i class=\"fas fa-shopping-cart\"><\/i><\/button>\n\n\t\n\t<input type=\"hidden\" name=\"add-to-cart\" value=\"\" \/>\n\t<input type=\"hidden\" name=\"product_id\" value=\"\" \/>\n\t<input type=\"hidden\" name=\"variation_id\" class=\"variation_id\" value=\"0\" \/>\n\t\t<\/td>\n\t<\/tr>\n<\/table>\n<\/div>\n-->\n\n<div class=\"woocommerce-variation-add-to-cart variations_button\" style=\"background-color:#f0edec;padding:15px 0;\">\n\t<div class=\"flexed\" style=\"display: flex;flex-direction: row;flex-wrap:nowrap;justify-content:space-around;align-items:center;\">\n\t\t<div class=\"flexitem\" style=\"background-color:#f1f1f1;\">\n\t\t\t\t\t\t\t<div class=\"quantity\" id=\"Simon\">\n\t\t\t\t<label class=\"screen-reader-text\" for=\"quantity_69dfe434b595c\">The Sensitive Hand Treatment quantity<\/label>\n\t\t<input\n\t\t\ttype=\"number\"\n\t\t\tid=\"quantity_69dfe434b595c\"\n\t\t\tclass=\"input-text qty text\"\n\t\t\tstep=\"1\"\n\t\t\tmin=\"1\"\n\t\t\tmax=\"\"\n\t\t\tname=\"quantity\"\n\t\t\tvalue=\"1\"\n\t\t\ttitle=\"Qty\"\n\t\t\tsize=\"4\"\n\t\t\tinputmode=\"numeric\" \/>\n\t\t\t<\/div>\n\t\t\t<\/div>\n\t\t\t\t<div class=\"flexitem\">\n\t\t\t<a style=\"color:#fff !important;\" href=\"https:\/\/zeitschild.de\/produkt\/zeitschild-skin-aesthetics-sensitive-hand-treatment\/\" class=\"single_add_to_cart_button button alt button_dach\" target=\"_self\" title=\"Shop\"><span>Produktdetails<\/span><\/a>\n\t\t<\/div>\n\t\t<div class=\"flexitem\">\n\t\t\t<!--<button type=\"submit\" class=\"single_add_to_cart_button button alt button_dach\" style=\"color:#fff;\">Add to cart<i class=\"fal fa-shopping-cart\"><\/i><\/button>-->\n\t\t\t<button type=\"submit\" class=\"single_add_to_cart_button button alt button_dach\" style=\"color:#fff;\"><i class=\"fa fa-shopping-cart\"><\/i><\/button>\n\t\t\t\t\t\t<input type=\"hidden\" name=\"add-to-cart\" value=\"6084\" \/>\n\t\t\t<input type=\"hidden\" name=\"product_id\" value=\"6084\" \/>\n\t\t\t<input type=\"hidden\" name=\"variation_id\" class=\"variation_id\" value=\"0\" \/>\n\t\t<\/div>\n\t\t\t<\/div>\n<\/div>\n\t\t<\/div>\r\n\t\r\n\t<\/form>\r\n\r\n<\/li>\n<\/ul>\n<\/div><\/div>[\/vc_column][\/vc_row]\n<\/div>","protected":false},"excerpt":{"rendered":"<p>[vc_row thb_divider_position=&#8221;bottom&#8221;][vc_column][vc_empty_space mobile_height=&#8221;10px&#8221; height=&#8221;60px&#8221;][layerslider_vc id=&#8221;3&#8243;][vc_empty_space mobile_height=&#8221;10px&#8221; height=&#8221;60px&#8221;][\/vc_column][\/vc_row][vc_row thb_divider_position=&#8221;bottom&#8221;][vc_column width=&#8221;1\/4&#8243;][vc_widget_sidebar sidebar_id=&#8221;shop&#8221;][\/vc_column][vc_column width=&#8221;3\/4&#8243;][\/vc_column][\/vc_row]<\/p>\n","protected":false},"author":1,"featured_media":7407,"parent":0,"menu_order":0,"comment_status":"closed","ping_status":"closed","template":"page-default.php","meta":{"footnotes":""},"class_list":["post-7406","page","type-page","status-publish","has-post-thumbnail","hentry"],"yoast_head":"<!-- This site is optimized with the Yoast SEO plugin v27.3 - https:\/\/yoast.com\/product\/yoast-seo-wordpress\/ -->\n<title>K\u00f6rperpflege Produkte f\u00fcr sie und ihn - im Shop von Zeitschild<\/title>\n<meta name=\"description\" content=\"Finden Sie die idealen K\u00f6rperpflege Produkte f\u00fcr sie und ihn im Shop von Zeitschild - f\u00fcr dauerhaft gesunde und sch\u00f6ne Haut.\" \/>\n<meta name=\"robots\" content=\"index, follow, max-snippet:-1, max-image-preview:large, max-video-preview:-1\" \/>\n<link rel=\"canonical\" href=\"https:\/\/zeitschild.de\/en\/koerperpflege-produkte\/\" \/>\n<meta property=\"og:locale\" content=\"en_US\" \/>\n<meta property=\"og:type\" content=\"article\" \/>\n<meta property=\"og:title\" content=\"K\u00f6rperpflege Produkte f\u00fcr sie und ihn - im Shop von Zeitschild\" \/>\n<meta property=\"og:description\" content=\"Finden Sie die idealen K\u00f6rperpflege Produkte f\u00fcr sie und ihn im Shop von Zeitschild - f\u00fcr dauerhaft gesunde und sch\u00f6ne Haut.\" \/>\n<meta property=\"og:url\" content=\"https:\/\/zeitschild.de\/en\/koerperpflege-produkte\/\" \/>\n<meta property=\"og:site_name\" content=\"Zeitschild\" \/>\n<meta property=\"article:publisher\" content=\"https:\/\/www.facebook.com\/zeitschild\/\" \/>\n<meta property=\"article:modified_time\" content=\"2024-10-08T20:14:27+00:00\" \/>\n<meta property=\"og:image\" content=\"https:\/\/zeitschild.de\/wp-content\/uploads\/2021\/05\/Gruppe-Koerper.jpg\" \/>\n\t<meta property=\"og:image:width\" content=\"1299\" \/>\n\t<meta property=\"og:image:height\" content=\"494\" \/>\n\t<meta property=\"og:image:type\" content=\"image\/jpeg\" \/>\n<meta name=\"twitter:card\" content=\"summary_large_image\" \/>\n<meta name=\"twitter:label1\" content=\"Est. reading time\" \/>\n\t<meta name=\"twitter:data1\" content=\"1 minute\" \/>\n<script type=\"application\/ld+json\" class=\"yoast-schema-graph\">{\"@context\":\"https:\\\/\\\/schema.org\",\"@graph\":[{\"@type\":\"WebPage\",\"@id\":\"https:\\\/\\\/zeitschild.de\\\/en\\\/koerperpflege-produkte\\\/\",\"url\":\"https:\\\/\\\/zeitschild.de\\\/en\\\/koerperpflege-produkte\\\/\",\"name\":\"K\u00f6rperpflege Produkte f\u00fcr sie und ihn - im Shop von Zeitschild\",\"isPartOf\":{\"@id\":\"https:\\\/\\\/zeitschild.de\\\/en\\\/#website\"},\"primaryImageOfPage\":{\"@id\":\"https:\\\/\\\/zeitschild.de\\\/en\\\/koerperpflege-produkte\\\/#primaryimage\"},\"image\":{\"@id\":\"https:\\\/\\\/zeitschild.de\\\/en\\\/koerperpflege-produkte\\\/#primaryimage\"},\"thumbnailUrl\":\"https:\\\/\\\/zeitschild.de\\\/wp-content\\\/uploads\\\/2021\\\/05\\\/Gruppe-Koerper.jpg\",\"datePublished\":\"2021-05-20T21:33:02+00:00\",\"dateModified\":\"2024-10-08T20:14:27+00:00\",\"description\":\"Finden Sie die idealen K\u00f6rperpflege Produkte f\u00fcr sie und ihn im Shop von Zeitschild - f\u00fcr dauerhaft gesunde und sch\u00f6ne Haut.\",\"breadcrumb\":{\"@id\":\"https:\\\/\\\/zeitschild.de\\\/en\\\/koerperpflege-produkte\\\/#breadcrumb\"},\"inLanguage\":\"en-US\",\"potentialAction\":[{\"@type\":\"ReadAction\",\"target\":[\"https:\\\/\\\/zeitschild.de\\\/en\\\/koerperpflege-produkte\\\/\"]}]},{\"@type\":\"ImageObject\",\"inLanguage\":\"en-US\",\"@id\":\"https:\\\/\\\/zeitschild.de\\\/en\\\/koerperpflege-produkte\\\/#primaryimage\",\"url\":\"https:\\\/\\\/zeitschild.de\\\/wp-content\\\/uploads\\\/2021\\\/05\\\/Gruppe-Koerper.jpg\",\"contentUrl\":\"https:\\\/\\\/zeitschild.de\\\/wp-content\\\/uploads\\\/2021\\\/05\\\/Gruppe-Koerper.jpg\",\"width\":1299,\"height\":494},{\"@type\":\"BreadcrumbList\",\"@id\":\"https:\\\/\\\/zeitschild.de\\\/en\\\/koerperpflege-produkte\\\/#breadcrumb\",\"itemListElement\":[{\"@type\":\"ListItem\",\"position\":1,\"name\":\"Startseite\",\"item\":\"https:\\\/\\\/zeitschild.de\\\/en\\\/\"},{\"@type\":\"ListItem\",\"position\":2,\"name\":\"K\u00f6rperpflege Produkte\"}]},{\"@type\":\"WebSite\",\"@id\":\"https:\\\/\\\/zeitschild.de\\\/en\\\/#website\",\"url\":\"https:\\\/\\\/zeitschild.de\\\/en\\\/\",\"name\":\"Zeitschild GmbH\",\"description\":\"Hautpflege | Gesichtspflege | Tagescreme | Nachtcreme\",\"publisher\":{\"@id\":\"https:\\\/\\\/zeitschild.de\\\/en\\\/#organization\"},\"potentialAction\":[{\"@type\":\"SearchAction\",\"target\":{\"@type\":\"EntryPoint\",\"urlTemplate\":\"https:\\\/\\\/zeitschild.de\\\/en\\\/?s={search_term_string}\"},\"query-input\":{\"@type\":\"PropertyValueSpecification\",\"valueRequired\":true,\"valueName\":\"search_term_string\"}}],\"inLanguage\":\"en-US\"},{\"@type\":\"Organization\",\"@id\":\"https:\\\/\\\/zeitschild.de\\\/en\\\/#organization\",\"name\":\"Zeitschild GmbH\",\"url\":\"https:\\\/\\\/zeitschild.de\\\/en\\\/\",\"logo\":{\"@type\":\"ImageObject\",\"inLanguage\":\"en-US\",\"@id\":\"https:\\\/\\\/zeitschild.de\\\/en\\\/#\\\/schema\\\/logo\\\/image\\\/\",\"url\":\"https:\\\/\\\/zeitschild.de\\\/wp-content\\\/uploads\\\/2019\\\/09\\\/Logo_Zeitschild_3c72.png\",\"contentUrl\":\"https:\\\/\\\/zeitschild.de\\\/wp-content\\\/uploads\\\/2019\\\/09\\\/Logo_Zeitschild_3c72.png\",\"width\":212,\"height\":45,\"caption\":\"Zeitschild GmbH\"},\"image\":{\"@id\":\"https:\\\/\\\/zeitschild.de\\\/en\\\/#\\\/schema\\\/logo\\\/image\\\/\"},\"sameAs\":[\"https:\\\/\\\/www.facebook.com\\\/zeitschild\\\/\",\"https:\\\/\\\/www.instagram.com\\\/zeitschild\\\/\",\"https:\\\/\\\/www.youtube.com\\\/channel\\\/UCMyKYFDf3bbeF_ozJ1UXpbw\"]}]}<\/script>\n<!-- \/ Yoast SEO plugin. -->","yoast_head_json":{"title":"K\u00f6rperpflege Produkte f\u00fcr sie und ihn - im Shop von Zeitschild","description":"Finden Sie die idealen K\u00f6rperpflege Produkte f\u00fcr sie und ihn im Shop von Zeitschild - f\u00fcr dauerhaft gesunde und sch\u00f6ne Haut.","robots":{"index":"index","follow":"follow","max-snippet":"max-snippet:-1","max-image-preview":"max-image-preview:large","max-video-preview":"max-video-preview:-1"},"canonical":"https:\/\/zeitschild.de\/en\/koerperpflege-produkte\/","og_locale":"en_US","og_type":"article","og_title":"K\u00f6rperpflege Produkte f\u00fcr sie und ihn - im Shop von Zeitschild","og_description":"Finden Sie die idealen K\u00f6rperpflege Produkte f\u00fcr sie und ihn im Shop von Zeitschild - f\u00fcr dauerhaft gesunde und sch\u00f6ne Haut.","og_url":"https:\/\/zeitschild.de\/en\/koerperpflege-produkte\/","og_site_name":"Zeitschild","article_publisher":"https:\/\/www.facebook.com\/zeitschild\/","article_modified_time":"2024-10-08T20:14:27+00:00","og_image":[{"width":1299,"height":494,"url":"https:\/\/zeitschild.de\/wp-content\/uploads\/2021\/05\/Gruppe-Koerper.jpg","type":"image\/jpeg"}],"twitter_card":"summary_large_image","twitter_misc":{"Est. reading time":"1 minute"},"schema":{"@context":"https:\/\/schema.org","@graph":[{"@type":"WebPage","@id":"https:\/\/zeitschild.de\/en\/koerperpflege-produkte\/","url":"https:\/\/zeitschild.de\/en\/koerperpflege-produkte\/","name":"K\u00f6rperpflege Produkte f\u00fcr sie und ihn - im Shop von Zeitschild","isPartOf":{"@id":"https:\/\/zeitschild.de\/en\/#website"},"primaryImageOfPage":{"@id":"https:\/\/zeitschild.de\/en\/koerperpflege-produkte\/#primaryimage"},"image":{"@id":"https:\/\/zeitschild.de\/en\/koerperpflege-produkte\/#primaryimage"},"thumbnailUrl":"https:\/\/zeitschild.de\/wp-content\/uploads\/2021\/05\/Gruppe-Koerper.jpg","datePublished":"2021-05-20T21:33:02+00:00","dateModified":"2024-10-08T20:14:27+00:00","description":"Finden Sie die idealen K\u00f6rperpflege Produkte f\u00fcr sie und ihn im Shop von Zeitschild - f\u00fcr dauerhaft gesunde und sch\u00f6ne Haut.","breadcrumb":{"@id":"https:\/\/zeitschild.de\/en\/koerperpflege-produkte\/#breadcrumb"},"inLanguage":"en-US","potentialAction":[{"@type":"ReadAction","target":["https:\/\/zeitschild.de\/en\/koerperpflege-produkte\/"]}]},{"@type":"ImageObject","inLanguage":"en-US","@id":"https:\/\/zeitschild.de\/en\/koerperpflege-produkte\/#primaryimage","url":"https:\/\/zeitschild.de\/wp-content\/uploads\/2021\/05\/Gruppe-Koerper.jpg","contentUrl":"https:\/\/zeitschild.de\/wp-content\/uploads\/2021\/05\/Gruppe-Koerper.jpg","width":1299,"height":494},{"@type":"BreadcrumbList","@id":"https:\/\/zeitschild.de\/en\/koerperpflege-produkte\/#breadcrumb","itemListElement":[{"@type":"ListItem","position":1,"name":"Startseite","item":"https:\/\/zeitschild.de\/en\/"},{"@type":"ListItem","position":2,"name":"K\u00f6rperpflege Produkte"}]},{"@type":"WebSite","@id":"https:\/\/zeitschild.de\/en\/#website","url":"https:\/\/zeitschild.de\/en\/","name":"Zeitschild GmbH","description":"Hautpflege | Gesichtspflege | Tagescreme | Nachtcreme","publisher":{"@id":"https:\/\/zeitschild.de\/en\/#organization"},"potentialAction":[{"@type":"SearchAction","target":{"@type":"EntryPoint","urlTemplate":"https:\/\/zeitschild.de\/en\/?s={search_term_string}"},"query-input":{"@type":"PropertyValueSpecification","valueRequired":true,"valueName":"search_term_string"}}],"inLanguage":"en-US"},{"@type":"Organization","@id":"https:\/\/zeitschild.de\/en\/#organization","name":"Zeitschild GmbH","url":"https:\/\/zeitschild.de\/en\/","logo":{"@type":"ImageObject","inLanguage":"en-US","@id":"https:\/\/zeitschild.de\/en\/#\/schema\/logo\/image\/","url":"https:\/\/zeitschild.de\/wp-content\/uploads\/2019\/09\/Logo_Zeitschild_3c72.png","contentUrl":"https:\/\/zeitschild.de\/wp-content\/uploads\/2019\/09\/Logo_Zeitschild_3c72.png","width":212,"height":45,"caption":"Zeitschild GmbH"},"image":{"@id":"https:\/\/zeitschild.de\/en\/#\/schema\/logo\/image\/"},"sameAs":["https:\/\/www.facebook.com\/zeitschild\/","https:\/\/www.instagram.com\/zeitschild\/","https:\/\/www.youtube.com\/channel\/UCMyKYFDf3bbeF_ozJ1UXpbw"]}]}},"_links":{"self":[{"href":"https:\/\/zeitschild.de\/en\/wp-json\/wp\/v2\/pages\/7406","targetHints":{"allow":["GET"]}}],"collection":[{"href":"https:\/\/zeitschild.de\/en\/wp-json\/wp\/v2\/pages"}],"about":[{"href":"https:\/\/zeitschild.de\/en\/wp-json\/wp\/v2\/types\/page"}],"author":[{"embeddable":true,"href":"https:\/\/zeitschild.de\/en\/wp-json\/wp\/v2\/users\/1"}],"replies":[{"embeddable":true,"href":"https:\/\/zeitschild.de\/en\/wp-json\/wp\/v2\/comments?post=7406"}],"version-history":[{"count":0,"href":"https:\/\/zeitschild.de\/en\/wp-json\/wp\/v2\/pages\/7406\/revisions"}],"wp:featuredmedia":[{"embeddable":true,"href":"https:\/\/zeitschild.de\/en\/wp-json\/wp\/v2\/media\/7407"}],"wp:attachment":[{"href":"https:\/\/zeitschild.de\/en\/wp-json\/wp\/v2\/media?parent=7406"}],"curies":[{"name":"wp","href":"https:\/\/api.w.org\/{rel}","templated":true}]}}