{"id":7408,"date":"2020-11-24T16:38:21","date_gmt":"2020-11-24T15:38:21","guid":{"rendered":"https:\/\/zeitschild.de\/kosmetische-begriffe\/"},"modified":"2020-11-24T16:38:21","modified_gmt":"2020-11-24T15:38:21","slug":"kosmetische-begriffe","status":"publish","type":"page","link":"https:\/\/zeitschild.de\/en\/kosmetische-begriffe\/","title":{"rendered":"Kosmetische Begriffe"},"content":{"rendered":"<div class=\"wpb-content-wrapper\">[vc_row thb_divider_position=&#8221;bottom&#8221;][vc_column][vc_empty_space mobile_height=&#8221;10px&#8221; height=&#8221;86px&#8221;][\/vc_column][\/vc_row][vc_row thb_divider_position=&#8221;bottom&#8221;][vc_column][vc_column_text]\n<p style=\"text-align: center;\"><a href=\"#A\">A<\/a> | <a href=\"#D\">D<\/a> | <a href=\"#E\">E<\/a> | <a href=\"#F\">F<\/a> | <a href=\"#H\">H<\/a> | <a href=\"#I\">I<\/a> | <a href=\"#K\">K<\/a> | <a href=\"#L\">L<\/a> | <a href=\"#S\">S<\/a> | <a href=\"#U\">U<\/a> | <a href=\"#V\">V<\/a> | <a href=\"#W\">W<\/a><\/p>\n<table cellpadding=\"5\">\n<tbody>\n<tr>\n<td id=\"D\" style=\"font-weight: bold;\" valign=\"top\">A<\/td>\n<td valign=\"top\" width=\"30%\">Antioxidantien<\/td>\n<td valign=\"top\">Ein Antioxidans oder Antioxidationsmittel (Mehrzahl Antioxidantien, auch Antioxidanzien) ist eine chemische Verbindung, die eine Oxidation anderer Substanzen verlangsamt oder g\u00e4nzlich verhindert. Antioxidantien haben eine gro\u00dfe physiologische Bedeutung durch ihre Wirkung als Radikalf\u00e4nger. Durch sie wird der nat\u00fcrliche Zellerhaltungs- und Erneuerungsprozess in Balance gehalten. Manchmal werden sie auch in kosmetischen Produkten zur Haltbarkeit eingesetzt, weil sie unges\u00e4ttigte Fette stabilisieren k\u00f6nnen. Wichtig ist bei der Entwicklung von Kosmetika zu beachten, dass die eingesetzten Antioxidantien auch stabil sind, da sie sonst selber abgebaut werden k\u00f6nnen und somit weder f\u00fcr die Haut, noch f\u00fcr das Produkt zur Verf\u00fcgung stehen.<\/td>\n<\/tr>\n<\/tbody>\n<\/table>\n<table cellpadding=\"5\">\n<tbody>\n<tr>\n<td style=\"font-weight: bold;\" valign=\"top\">D<\/td>\n<td id=\"E\" valign=\"top\" width=\"25%\">Derivate<\/td>\n<td valign=\"top\">Ein Derivat, oder auch Abk\u00f6mmling, ist eine Bezeichnung f\u00fcr eine chemische Verbindung, die durch Abtrennung, aus einer chemischen Stammverbindung entstanden ist und mit dieser, in Aufbau oder Eigenschaften, noch verwandt ist. Beispielsweise ist Vitamin C Palmitat ein Derivat von Vitamin C oder Vitamin A Acetat ein Derivat von Vitamin A. Es gibt aber auch negative Beispiele, wie Silikonderivate, welche f\u00fcr den Verbraucher nicht direkt als solche zu erkennen sind (z.B. Cyclopentasiloxane) oder auch Ozokerit, welches ein Paraffinderivat ist.<\/td>\n<\/tr>\n<\/tbody>\n<\/table>\n<table cellpadding=\"5\">\n<tbody>\n<tr>\n<td style=\"font-weight: bold;\" rowspan=\"4\" valign=\"top\">E<\/td>\n<td id=\"F\" valign=\"top\" width=\"25%\">Emollient<\/td>\n<td valign=\"top\">Emollient ist der Oberbegriff f\u00fcr pflegende \u00d6le, Fette, Buttern und Wachse. In erster Linie erzeugen sie ein angenehmes, geschmeidiges Hautempfinden \u2013 die Haut f\u00fchlt sich gepflegt und entspannt an. Durch die Kombination verschiedener Emollients k\u00f6nnen unterschiedliche sensorische Effekte erzielt werden.<\/td>\n<\/tr>\n<tr>\n<td valign=\"top\">Emulgator<\/td>\n<td valign=\"top\">Sind Hilfsstoffe, die dazu dienen, zwei nicht miteinander mischbare Fl\u00fcssigkeiten, wie zum Beispiel \u00d6l und Wasser zu einem fein verteilten Gemisch, der sogenannten Emulsion, zu vermengen und zu stabilisieren.<\/td>\n<\/tr>\n<tr>\n<td valign=\"top\">Emulsion<\/td>\n<td valign=\"top\">Eine Emulsion ist in den meisten F\u00e4llen ein fein verteiltes Gemisch zweier nicht mit einander mischbarer Fl\u00fcssigkeiten. Man unterscheidet z.B. zwischen einer \u00d6l\/Wasser-Emulsion oder Wasser\/\u00d6l-Emulsion. Bei einer O\/W-Emulsion sind \u00d6l-Tropfen fein verteilt in Wasser-Tr\u00f6pfchen. Bei einer W\/O-Emulsion sind hingegen die Wasser-Tr\u00f6pfchen fein verteilt in den \u00d6l-Tr\u00f6pfchen, wie zum Beispiel bei einer Mayonnaise.<\/td>\n<\/tr>\n<tr>\n<td valign=\"top\">Enzyme<\/td>\n<td valign=\"top\">Es gibt eine Vielzahl von Enzymen in der Haut. Sie regulieren in einem komplexen Miteinander die Gesunderhaltung der Haut und greifen unter andern regulierend in Prozesse der Regeneration, der Entz\u00fcndungen, der Abwehrmechanismen und der Feuchtigkeits- Balance ein. \u00c4ndern sich die Umgebungsbedingungen f\u00fcr die Enzyme wird das komplexe Netzwerk gest\u00f6rt und die Hautbalance ger\u00e4t au\u00dfer Tritt. Ziel ist es daher, das Gleichgewicht der Haut zu erhalten, so dass die Eigenregulation der Haut aufrechterhalten und gegebenenfalls an Schwachstellen unterst\u00fctzt wird.<\/td>\n<\/tr>\n<\/tbody>\n<\/table>\n<table cellpadding=\"5\">\n<tbody>\n<tr>\n<td style=\"font-weight: bold;\" valign=\"top\">F<\/td>\n<td id=\"E\" valign=\"top\" width=\"25%\">Filmbildner<\/td>\n<td valign=\"top\">Sind Stoffe, welche in kosmetischen Mitteln eingesetzt werden um einen Film auf der Haut oder dem Haar zu bilden. Beim Haarstyling werden sie zum Beispiel eingesetzt um die Frisur zu fixieren, in einer Hautcreme k\u00f6nnen sie zum Einsatz kommen um das Hautgef\u00fchl zu optimieren oder in einer Sonnencreme um die Wasserfestigkeit zu verbessern.<\/td>\n<\/tr>\n<\/tbody>\n<\/table>\n<table cellpadding=\"5\">\n<tbody>\n<tr>\n<td style=\"font-weight: bold;\" valign=\"top\">H<\/td>\n<td id=\"F\" valign=\"top\" width=\"25%\">Hilfsstoff<\/td>\n<td valign=\"top\">Ein Hilfsstoff wird in kosmetischen Mittel eingesetzt um Produkteigenschaften wie Zartheit, Fettigkeit, Verteilbarkeit, Viskosit\u00e4t, Abgreifbarkeit zu optimieren. Hierbei handelt es sich zum Beispiel um Emulgatoren oder Gelbildner, aber auch \u00d6le, Fette und Wasser.<\/td>\n<\/tr>\n<\/tbody>\n<\/table>\n<table cellpadding=\"5\">\n<tbody>\n<tr>\n<td id=\"H\" style=\"font-weight: bold;\" valign=\"top\">I<\/td>\n<td valign=\"top\" width=\"25%\">INCI-Bezeichnung<\/td>\n<td valign=\"top\">INCI steht f\u00fcr \u201cInternational Nomenclature Cosmetic Ingredients\u201d und regelt seit dem 1. Juli 1999 die Deklaration der kosmetischen Inhaltsstoffe europaweit.<\/td>\n<\/tr>\n<\/tbody>\n<\/table>\n<table cellpadding=\"5\">\n<tbody>\n<tr>\n<td style=\"font-weight: bold;\" valign=\"top\">K<\/td>\n<td id=\"I\" valign=\"top\" width=\"25%\">Konservierungsmittel<\/td>\n<td valign=\"top\">Sind Stoffe oder eine Mischung von Stoffen, welche die Haltbarkeit des kosmetischen Mittels verl\u00e4ngern, indem sie das Wachstum von &#8211; f\u00fcr das Produkt oder die Haut -sch\u00e4dliche Mikroorganismen hemmen.<\/td>\n<\/tr>\n<\/tbody>\n<\/table>\n<table cellpadding=\"5\">\n<tbody>\n<tr>\n<td id=\"K\" style=\"font-weight: bold;\" valign=\"top\">L<\/td>\n<td valign=\"top\" width=\"25%\">L\u00f6semittel<\/td>\n<td valign=\"top\">H\u00e4lt Stoffe in L\u00f6sung oder l\u00f6st sie auf.<\/td>\n<\/tr>\n<\/tbody>\n<\/table>\n<table cellpadding=\"5\">\n<tbody>\n<tr>\n<td style=\"font-weight: bold;\" valign=\"top\">S<\/td>\n<td id=\"L\" valign=\"top\" width=\"25%\">S\u00e4ureschutzmantel\/ Hydrolipidmantel<\/td>\n<td valign=\"top\">Der Haut-pH-Wert ist ein wichtiger Parameter, welcher die Hautgesundheit, die Barrierefunktion und auch Wundheilungsprozesse beeinflusst. Der pH Wert gesunder Haut befindet sich zwischen 4,0\u20135,5. Der S\u00e4uregehalt ist entscheidend f\u00fcr die epidermale Barrierefunktion und antimikrobielle Kapazit\u00e4t. Ein erh\u00f6hter pH-Wert f\u00fchrt zu einer Ver\u00e4nderung der Enzymaktivit\u00e4t, welche wiederum zu einer ver\u00e4nderten Mikroflora auf der Haut und zu einer verminderten Barrierefunktion f\u00fchrt. Daher nennt man den sauren pH-Wert auch S\u00e4ureschutzmantel.<\/td>\n<\/tr>\n<\/tbody>\n<\/table>\n<table cellpadding=\"5\">\n<tbody>\n<tr>\n<td id=\"S\" style=\"font-weight: bold;\" rowspan=\"2\" valign=\"top\">U<\/td>\n<td valign=\"top\" width=\"25%\">UV-Filter<\/td>\n<td valign=\"top\">Sie filtern bestimmte UV-Strahlen und sch\u00fctzen so die Haut und das Haar vor Sch\u00e4digungen, welche durch zu lange oder zu intensive UV-Belastung entstehen.<br \/>\nZeitschild verwendet hierzu die hochmoderne PLIA Technologie (Klick)<\/td>\n<\/tr>\n<tr>\n<td valign=\"top\">UV-Strahlung<\/td>\n<td valign=\"top\">Als UV-Licht bezeichnet man die ultraviolette Strahlung des Sonnenlichts. Sie ist wichtig f\u00fcr die Vitamin D-Produktion, welche wir f\u00fcr den Knochenaufbau und das Muskelgewebe bzw. die Festigung ben\u00f6tigen. Sie kann aber bei \u00fcberm\u00e4\u00dfiger Intensit\u00e4t auch insbesondere Haut und Augen sch\u00e4digen. Neben drohendem Sehverlust und vorzeitiger Hautalterung ist vor allem das Krebsrisiko gef\u00fcrchtet, das die Strahlen mit sich bringen. Wie tief UV-Strahlung in Auge und Haut eindringt, ist von der Wellenl\u00e4nge abh\u00e4ngig: UV-A mit l\u00e4ngeren Wellenl\u00e4ngen von 315 Nanometer bis 400 Nanometer dringt tiefer in Auge und Haut ein als die kurzwelligere UV-B-Strahlung mit Wellenl\u00e4ngen von 280 Nanometer bis 315 Nanometer.<\/td>\n<\/tr>\n<\/tbody>\n<\/table>\n<table cellpadding=\"5\">\n<tbody>\n<tr>\n<td id=\"U\" style=\"font-weight: bold;\" valign=\"top\">V<\/td>\n<td valign=\"top\" width=\"25%\">Viskosit\u00e4t<\/td>\n<td valign=\"top\">Die Viskosit\u00e4t ist ein Ma\u00df f\u00fcr die Z\u00e4hfl\u00fcssigkeit einer Fl\u00fcssigkeit. Je z\u00e4hfl\u00fcssiger oder dickfl\u00fcssiger eine Fl\u00fcssigkeit ist, desto h\u00f6her ist die Viskosit\u00e4t. Wichtig hierbei ist zu beachten, dass die Viskosit\u00e4t abh\u00e4ngig von der Temperatur ist. Aus diesem Grund wird die Viskosit\u00e4t immer mit der Temperatur angegeben.<\/td>\n<\/tr>\n<\/tbody>\n<\/table>\n<table cellpadding=\"5\">\n<tbody>\n<tr>\n<td style=\"font-weight: bold;\" valign=\"top\">W<\/td>\n<td id=\"V\" valign=\"top\" width=\"25%\">Wirkstoff<\/td>\n<td valign=\"top\">Ein Wirkstoff ist ein Stoff oder ein Gemisch aus mehreren Stoffen, der in dem kosmetischen Mittel eingesetzt wird, um aktiv eine gezielte Wirksamkeit wie z. B. Faltenreduktion, R\u00f6tungsreduktion, Feuchtigkeitssteigerung zu erzielen.<\/td>\n<\/tr>\n<\/tbody>\n<\/table>\n[\/vc_column_text][\/vc_column][\/vc_row]\n<\/div>","protected":false},"excerpt":{"rendered":"<p>[vc_row thb_divider_position=&#8221;bottom&#8221;][vc_column][vc_empty_space mobile_height=&#8221;10px&#8221; height=&#8221;86px&#8221;][\/vc_column][\/vc_row][vc_row thb_divider_position=&#8221;bottom&#8221;][vc_column][vc_column_text] A | D | E | F | H | I | K | L | S | U | V | W A Antioxidantien Ein Antioxidans oder Antioxidationsmittel (Mehrzahl Antioxidantien, auch Antioxidanzien) ist eine chemische Verbindung, die eine Oxidation anderer Substanzen verlangsamt oder g\u00e4nzlich verhindert. Antioxidantien haben eine gro\u00dfe&hellip;<\/p>\n","protected":false},"author":1,"featured_media":7403,"parent":0,"menu_order":0,"comment_status":"closed","ping_status":"closed","template":"","meta":{"footnotes":""},"class_list":["post-7408","page","type-page","status-publish","has-post-thumbnail","hentry"],"yoast_head":"<!-- This site is optimized with the Yoast SEO plugin v27.3 - https:\/\/yoast.com\/product\/yoast-seo-wordpress\/ -->\n<title>Kosmetische Begriffe - Zeitschild<\/title>\n<meta name=\"robots\" content=\"index, follow, max-snippet:-1, max-image-preview:large, max-video-preview:-1\" \/>\n<link rel=\"canonical\" href=\"https:\/\/zeitschild.de\/en\/kosmetische-begriffe\/\" \/>\n<meta property=\"og:locale\" content=\"en_US\" \/>\n<meta property=\"og:type\" content=\"article\" \/>\n<meta property=\"og:title\" content=\"Kosmetische Begriffe - Zeitschild\" \/>\n<meta property=\"og:description\" content=\"[vc_row thb_divider_position=&#8221;bottom&#8221;][vc_column][vc_empty_space mobile_height=&#8221;10px&#8221; height=&#8221;86px&#8221;][\/vc_column][\/vc_row][vc_row thb_divider_position=&#8221;bottom&#8221;][vc_column][vc_column_text] A | D | E | F | H | I | K | L | S | U | V | W A Antioxidantien Ein Antioxidans oder Antioxidationsmittel (Mehrzahl Antioxidantien, auch Antioxidanzien) ist eine chemische Verbindung, die eine Oxidation anderer Substanzen verlangsamt oder g\u00e4nzlich verhindert. Antioxidantien haben eine gro\u00dfe&hellip;\" \/>\n<meta property=\"og:url\" content=\"https:\/\/zeitschild.de\/en\/kosmetische-begriffe\/\" \/>\n<meta property=\"og:site_name\" content=\"Zeitschild\" \/>\n<meta property=\"article:publisher\" content=\"https:\/\/www.facebook.com\/zeitschild\/\" \/>\n<meta name=\"twitter:card\" content=\"summary_large_image\" \/>\n<meta name=\"twitter:label1\" content=\"Est. reading time\" \/>\n\t<meta name=\"twitter:data1\" content=\"5 minutes\" \/>\n<script type=\"application\/ld+json\" class=\"yoast-schema-graph\">{\"@context\":\"https:\\\/\\\/schema.org\",\"@graph\":[{\"@type\":\"WebPage\",\"@id\":\"https:\\\/\\\/zeitschild.de\\\/en\\\/kosmetische-begriffe\\\/\",\"url\":\"https:\\\/\\\/zeitschild.de\\\/en\\\/kosmetische-begriffe\\\/\",\"name\":\"Kosmetische Begriffe - Zeitschild\",\"isPartOf\":{\"@id\":\"https:\\\/\\\/zeitschild.de\\\/en\\\/#website\"},\"primaryImageOfPage\":{\"@id\":\"https:\\\/\\\/zeitschild.de\\\/en\\\/kosmetische-begriffe\\\/#primaryimage\"},\"image\":{\"@id\":\"https:\\\/\\\/zeitschild.de\\\/en\\\/kosmetische-begriffe\\\/#primaryimage\"},\"thumbnailUrl\":\"https:\\\/\\\/zeitschild.de\\\/wp-content\\\/uploads\\\/2019\\\/09\\\/Zeitschild_Branding_Logo.png\",\"datePublished\":\"2020-11-24T15:38:21+00:00\",\"breadcrumb\":{\"@id\":\"https:\\\/\\\/zeitschild.de\\\/en\\\/kosmetische-begriffe\\\/#breadcrumb\"},\"inLanguage\":\"en-US\",\"potentialAction\":[{\"@type\":\"ReadAction\",\"target\":[\"https:\\\/\\\/zeitschild.de\\\/en\\\/kosmetische-begriffe\\\/\"]}]},{\"@type\":\"ImageObject\",\"inLanguage\":\"en-US\",\"@id\":\"https:\\\/\\\/zeitschild.de\\\/en\\\/kosmetische-begriffe\\\/#primaryimage\",\"url\":\"https:\\\/\\\/zeitschild.de\\\/wp-content\\\/uploads\\\/2019\\\/09\\\/Zeitschild_Branding_Logo.png\",\"contentUrl\":\"https:\\\/\\\/zeitschild.de\\\/wp-content\\\/uploads\\\/2019\\\/09\\\/Zeitschild_Branding_Logo.png\",\"width\":400,\"height\":81},{\"@type\":\"BreadcrumbList\",\"@id\":\"https:\\\/\\\/zeitschild.de\\\/en\\\/kosmetische-begriffe\\\/#breadcrumb\",\"itemListElement\":[{\"@type\":\"ListItem\",\"position\":1,\"name\":\"Startseite\",\"item\":\"https:\\\/\\\/zeitschild.de\\\/en\\\/\"},{\"@type\":\"ListItem\",\"position\":2,\"name\":\"Kosmetische Begriffe\"}]},{\"@type\":\"WebSite\",\"@id\":\"https:\\\/\\\/zeitschild.de\\\/en\\\/#website\",\"url\":\"https:\\\/\\\/zeitschild.de\\\/en\\\/\",\"name\":\"Zeitschild GmbH\",\"description\":\"Hautpflege | Gesichtspflege | Tagescreme | Nachtcreme\",\"publisher\":{\"@id\":\"https:\\\/\\\/zeitschild.de\\\/en\\\/#organization\"},\"potentialAction\":[{\"@type\":\"SearchAction\",\"target\":{\"@type\":\"EntryPoint\",\"urlTemplate\":\"https:\\\/\\\/zeitschild.de\\\/en\\\/?s={search_term_string}\"},\"query-input\":{\"@type\":\"PropertyValueSpecification\",\"valueRequired\":true,\"valueName\":\"search_term_string\"}}],\"inLanguage\":\"en-US\"},{\"@type\":\"Organization\",\"@id\":\"https:\\\/\\\/zeitschild.de\\\/en\\\/#organization\",\"name\":\"Zeitschild GmbH\",\"url\":\"https:\\\/\\\/zeitschild.de\\\/en\\\/\",\"logo\":{\"@type\":\"ImageObject\",\"inLanguage\":\"en-US\",\"@id\":\"https:\\\/\\\/zeitschild.de\\\/en\\\/#\\\/schema\\\/logo\\\/image\\\/\",\"url\":\"https:\\\/\\\/zeitschild.de\\\/wp-content\\\/uploads\\\/2019\\\/09\\\/Logo_Zeitschild_3c72.png\",\"contentUrl\":\"https:\\\/\\\/zeitschild.de\\\/wp-content\\\/uploads\\\/2019\\\/09\\\/Logo_Zeitschild_3c72.png\",\"width\":212,\"height\":45,\"caption\":\"Zeitschild GmbH\"},\"image\":{\"@id\":\"https:\\\/\\\/zeitschild.de\\\/en\\\/#\\\/schema\\\/logo\\\/image\\\/\"},\"sameAs\":[\"https:\\\/\\\/www.facebook.com\\\/zeitschild\\\/\",\"https:\\\/\\\/www.instagram.com\\\/zeitschild\\\/\",\"https:\\\/\\\/www.youtube.com\\\/channel\\\/UCMyKYFDf3bbeF_ozJ1UXpbw\"]}]}<\/script>\n<!-- \/ Yoast SEO plugin. -->","yoast_head_json":{"title":"Kosmetische Begriffe - Zeitschild","robots":{"index":"index","follow":"follow","max-snippet":"max-snippet:-1","max-image-preview":"max-image-preview:large","max-video-preview":"max-video-preview:-1"},"canonical":"https:\/\/zeitschild.de\/en\/kosmetische-begriffe\/","og_locale":"en_US","og_type":"article","og_title":"Kosmetische Begriffe - Zeitschild","og_description":"[vc_row thb_divider_position=&#8221;bottom&#8221;][vc_column][vc_empty_space mobile_height=&#8221;10px&#8221; height=&#8221;86px&#8221;][\/vc_column][\/vc_row][vc_row thb_divider_position=&#8221;bottom&#8221;][vc_column][vc_column_text] A | D | E | F | H | I | K | L | S | U | V | W A Antioxidantien Ein Antioxidans oder Antioxidationsmittel (Mehrzahl Antioxidantien, auch Antioxidanzien) ist eine chemische Verbindung, die eine Oxidation anderer Substanzen verlangsamt oder g\u00e4nzlich verhindert. Antioxidantien haben eine gro\u00dfe&hellip;","og_url":"https:\/\/zeitschild.de\/en\/kosmetische-begriffe\/","og_site_name":"Zeitschild","article_publisher":"https:\/\/www.facebook.com\/zeitschild\/","twitter_card":"summary_large_image","twitter_misc":{"Est. reading time":"5 minutes"},"schema":{"@context":"https:\/\/schema.org","@graph":[{"@type":"WebPage","@id":"https:\/\/zeitschild.de\/en\/kosmetische-begriffe\/","url":"https:\/\/zeitschild.de\/en\/kosmetische-begriffe\/","name":"Kosmetische Begriffe - Zeitschild","isPartOf":{"@id":"https:\/\/zeitschild.de\/en\/#website"},"primaryImageOfPage":{"@id":"https:\/\/zeitschild.de\/en\/kosmetische-begriffe\/#primaryimage"},"image":{"@id":"https:\/\/zeitschild.de\/en\/kosmetische-begriffe\/#primaryimage"},"thumbnailUrl":"https:\/\/zeitschild.de\/wp-content\/uploads\/2019\/09\/Zeitschild_Branding_Logo.png","datePublished":"2020-11-24T15:38:21+00:00","breadcrumb":{"@id":"https:\/\/zeitschild.de\/en\/kosmetische-begriffe\/#breadcrumb"},"inLanguage":"en-US","potentialAction":[{"@type":"ReadAction","target":["https:\/\/zeitschild.de\/en\/kosmetische-begriffe\/"]}]},{"@type":"ImageObject","inLanguage":"en-US","@id":"https:\/\/zeitschild.de\/en\/kosmetische-begriffe\/#primaryimage","url":"https:\/\/zeitschild.de\/wp-content\/uploads\/2019\/09\/Zeitschild_Branding_Logo.png","contentUrl":"https:\/\/zeitschild.de\/wp-content\/uploads\/2019\/09\/Zeitschild_Branding_Logo.png","width":400,"height":81},{"@type":"BreadcrumbList","@id":"https:\/\/zeitschild.de\/en\/kosmetische-begriffe\/#breadcrumb","itemListElement":[{"@type":"ListItem","position":1,"name":"Startseite","item":"https:\/\/zeitschild.de\/en\/"},{"@type":"ListItem","position":2,"name":"Kosmetische Begriffe"}]},{"@type":"WebSite","@id":"https:\/\/zeitschild.de\/en\/#website","url":"https:\/\/zeitschild.de\/en\/","name":"Zeitschild GmbH","description":"Hautpflege | Gesichtspflege | Tagescreme | Nachtcreme","publisher":{"@id":"https:\/\/zeitschild.de\/en\/#organization"},"potentialAction":[{"@type":"SearchAction","target":{"@type":"EntryPoint","urlTemplate":"https:\/\/zeitschild.de\/en\/?s={search_term_string}"},"query-input":{"@type":"PropertyValueSpecification","valueRequired":true,"valueName":"search_term_string"}}],"inLanguage":"en-US"},{"@type":"Organization","@id":"https:\/\/zeitschild.de\/en\/#organization","name":"Zeitschild GmbH","url":"https:\/\/zeitschild.de\/en\/","logo":{"@type":"ImageObject","inLanguage":"en-US","@id":"https:\/\/zeitschild.de\/en\/#\/schema\/logo\/image\/","url":"https:\/\/zeitschild.de\/wp-content\/uploads\/2019\/09\/Logo_Zeitschild_3c72.png","contentUrl":"https:\/\/zeitschild.de\/wp-content\/uploads\/2019\/09\/Logo_Zeitschild_3c72.png","width":212,"height":45,"caption":"Zeitschild GmbH"},"image":{"@id":"https:\/\/zeitschild.de\/en\/#\/schema\/logo\/image\/"},"sameAs":["https:\/\/www.facebook.com\/zeitschild\/","https:\/\/www.instagram.com\/zeitschild\/","https:\/\/www.youtube.com\/channel\/UCMyKYFDf3bbeF_ozJ1UXpbw"]}]}},"_links":{"self":[{"href":"https:\/\/zeitschild.de\/en\/wp-json\/wp\/v2\/pages\/7408","targetHints":{"allow":["GET"]}}],"collection":[{"href":"https:\/\/zeitschild.de\/en\/wp-json\/wp\/v2\/pages"}],"about":[{"href":"https:\/\/zeitschild.de\/en\/wp-json\/wp\/v2\/types\/page"}],"author":[{"embeddable":true,"href":"https:\/\/zeitschild.de\/en\/wp-json\/wp\/v2\/users\/1"}],"replies":[{"embeddable":true,"href":"https:\/\/zeitschild.de\/en\/wp-json\/wp\/v2\/comments?post=7408"}],"version-history":[{"count":0,"href":"https:\/\/zeitschild.de\/en\/wp-json\/wp\/v2\/pages\/7408\/revisions"}],"wp:featuredmedia":[{"embeddable":true,"href":"https:\/\/zeitschild.de\/en\/wp-json\/wp\/v2\/media\/7403"}],"wp:attachment":[{"href":"https:\/\/zeitschild.de\/en\/wp-json\/wp\/v2\/media?parent=7408"}],"curies":[{"name":"wp","href":"https:\/\/api.w.org\/{rel}","templated":true}]}}