{"id":7413,"date":"2019-10-20T18:20:25","date_gmt":"2019-10-20T16:20:25","guid":{"rendered":"https:\/\/zeitschild.de\/philosophie\/"},"modified":"2019-10-20T18:20:25","modified_gmt":"2019-10-20T16:20:25","slug":"philosophie","status":"publish","type":"page","link":"https:\/\/zeitschild.de\/en\/philosophie\/","title":{"rendered":"Philosophie"},"content":{"rendered":"<div class=\"wpb-content-wrapper\">[vc_row thb_divider_position=&#8221;bottom&#8221;][vc_column][vc_empty_space mobile_height=&#8221;10&#8243; height=&#8221;86px&#8221;][vc_column_text]\n<h1 style=\"font-size: 35px; font-weight: normal !important; text-align: center;\">Die Zeitschild-Philosophie<\/h1>\n[\/vc_column_text][vc_empty_space mobile_height=&#8221;10&#8243; height=&#8221;50px&#8221;][\/vc_column][\/vc_row][vc_row thb_divider_position=&#8221;bottom&#8221;][vc_column][vc_column_text]\n<h2>EINE ECHTE REVOLUTION IN DER HAUTPFLEGE-EVOLUTION!<\/h2>\n<p style=\"text-align: justify;\">Unser urbaner Lebensstil ist eine Herausforderung. Umweltbelastungen setzen uns zu. Wir f\u00fchlen uns gestresst und finden unzureichend Schlaf, suchen Entspannung bei einem langen Sonnenbad und manch einer g\u00f6nnt sich Ablenkung durch den Genuss von Alkohol oder Nikotin. Die Urbanisierung hat ihren Preis \u2013 auch f\u00fcr unsere Haut. Unser Credo f\u00fcr gesunde Haut ist eine ganzheitliche Denkweise. Zeitschild steht f\u00fcr das zusammenh\u00e4ngende Verst\u00e4ndnis der Haut als komplexer Bestandteil unseres K\u00f6rpers. Die Prozesse der Hautalterung mit all ihren Wechselwirkungen werden, in dem von uns geschaffenen, Skin Science Circle veranschaulicht. Das Resultat unserer Forschung sind die revolution\u00e4ren 5 Technologien mit dem Ziel, die Haut zu sch\u00fctzen und ihrer vorzeitigen Alterung entgegenzuwirken. Mit der hochmodernen Matrix-Pflege aus dem Bereich der Haut-Biologie und Membran-Technologie ist uns der Durchbruch gelungen. Ganz bewusst reden wir von einer Revolution in der Hautpflege Evolution: dem Zusammenspiel von HighTech-Cremes und \u2013Seren f\u00fcr eine optimal gesunde und damit dauerhaft sch\u00f6ne Haut.<\/p>\n[\/vc_column_text][\/vc_column][\/vc_row][vc_row thb_divider_position=&#8221;bottom&#8221; css=&#8221;.vc_custom_1595507819436{margin-top: 25px !important;margin-bottom: 25px !important;}&#8221;][vc_column width=&#8221;1\/3&#8243;][vc_single_image image=&#8221;1634&#8243; img_size=&#8221;full&#8221; onclick=&#8221;link_image&#8221; css_animation=&#8221;none&#8221;][vc_column_text]Hermann Mintel<br \/>\nGr\u00fcnder[\/vc_column_text][\/vc_column][vc_column width=&#8221;1\/3&#8243;][vc_single_image image=&#8221;5949&#8243; img_size=&#8221;full&#8221; onclick=&#8221;link_image&#8221;][vc_column_text]Martina Kaiser-Mintel<br \/>\nGesch\u00e4ftsf\u00fchrung[\/vc_column_text][\/vc_column][vc_column width=&#8221;1\/3&#8243;][vc_single_image image=&#8221;1638&#8243; img_size=&#8221;full&#8221; onclick=&#8221;link_image&#8221;][vc_column_text]Martin Albrecht<br \/>\nwissenschaftlicher Berater[\/vc_column_text][\/vc_column][\/vc_row][vc_row thb_divider_position=&#8221;bottom&#8221;][vc_column width=&#8221;1\/4&#8243;]\t<a class=\"btn  full   button_dach regular\" href=\"\/\" target=\"_self\" role=\"button\" title=\"STARTSEITE\"><span>STARTSEITE<\/span><\/a>\n\n\t[\/vc_column][vc_column width=&#8221;1\/4&#8243;][\/vc_column][vc_column width=&#8221;1\/4&#8243;][\/vc_column][vc_column width=&#8221;1\/4&#8243;]\t<a class=\"btn  full   button_dach regular\" href=\"\/zeitschild-shop\/\" target=\"_self\" role=\"button\" title=\"ZUM SHOP\"><span>ZUM SHOP<\/span><\/a>\n\n\t[\/vc_column][\/vc_row]\n<\/div>","protected":false},"excerpt":{"rendered":"<p>[vc_row thb_divider_position=&#8221;bottom&#8221;][vc_column][vc_empty_space mobile_height=&#8221;10&#8243; height=&#8221;86px&#8221;][vc_column_text] Die Zeitschild-Philosophie [\/vc_column_text][vc_empty_space mobile_height=&#8221;10&#8243; height=&#8221;50px&#8221;][\/vc_column][\/vc_row][vc_row thb_divider_position=&#8221;bottom&#8221;][vc_column][vc_column_text] EINE ECHTE REVOLUTION IN DER HAUTPFLEGE-EVOLUTION! Unser urbaner Lebensstil ist eine Herausforderung. Umweltbelastungen setzen uns zu. Wir f\u00fchlen uns gestresst und finden unzureichend Schlaf, suchen Entspannung bei einem langen Sonnenbad und manch einer g\u00f6nnt sich Ablenkung durch den Genuss von Alkohol oder Nikotin. Die Urbanisierung&hellip;<\/p>\n","protected":false},"author":1,"featured_media":0,"parent":0,"menu_order":0,"comment_status":"closed","ping_status":"closed","template":"page-default.php","meta":{"footnotes":""},"class_list":["post-7413","page","type-page","status-publish","hentry"],"yoast_head":"<!-- This site is optimized with the Yoast SEO plugin v27.3 - https:\/\/yoast.com\/product\/yoast-seo-wordpress\/ -->\n<title>Philosophie - Zeitschild<\/title>\n<meta name=\"robots\" content=\"index, follow, max-snippet:-1, max-image-preview:large, max-video-preview:-1\" \/>\n<link rel=\"canonical\" href=\"https:\/\/zeitschild.de\/en\/philosophie\/\" \/>\n<meta property=\"og:locale\" content=\"en_US\" \/>\n<meta property=\"og:type\" content=\"article\" \/>\n<meta property=\"og:title\" content=\"Philosophie - Zeitschild\" \/>\n<meta property=\"og:description\" content=\"[vc_row thb_divider_position=&#8221;bottom&#8221;][vc_column][vc_empty_space mobile_height=&#8221;10&#8243; height=&#8221;86px&#8221;][vc_column_text] Die Zeitschild-Philosophie [\/vc_column_text][vc_empty_space mobile_height=&#8221;10&#8243; height=&#8221;50px&#8221;][\/vc_column][\/vc_row][vc_row thb_divider_position=&#8221;bottom&#8221;][vc_column][vc_column_text] EINE ECHTE REVOLUTION IN DER HAUTPFLEGE-EVOLUTION! Unser urbaner Lebensstil ist eine Herausforderung. Umweltbelastungen setzen uns zu. Wir f\u00fchlen uns gestresst und finden unzureichend Schlaf, suchen Entspannung bei einem langen Sonnenbad und manch einer g\u00f6nnt sich Ablenkung durch den Genuss von Alkohol oder Nikotin. Die Urbanisierung&hellip;\" \/>\n<meta property=\"og:url\" content=\"https:\/\/zeitschild.de\/en\/philosophie\/\" \/>\n<meta property=\"og:site_name\" content=\"Zeitschild\" \/>\n<meta property=\"article:publisher\" content=\"https:\/\/www.facebook.com\/zeitschild\/\" \/>\n<meta name=\"twitter:card\" content=\"summary_large_image\" \/>\n<meta name=\"twitter:label1\" content=\"Est. reading time\" \/>\n\t<meta name=\"twitter:data1\" content=\"2 minutes\" \/>\n<script type=\"application\/ld+json\" class=\"yoast-schema-graph\">{\"@context\":\"https:\\\/\\\/schema.org\",\"@graph\":[{\"@type\":\"WebPage\",\"@id\":\"https:\\\/\\\/zeitschild.de\\\/en\\\/philosophie\\\/\",\"url\":\"https:\\\/\\\/zeitschild.de\\\/en\\\/philosophie\\\/\",\"name\":\"Philosophie - Zeitschild\",\"isPartOf\":{\"@id\":\"https:\\\/\\\/zeitschild.de\\\/en\\\/#website\"},\"datePublished\":\"2019-10-20T16:20:25+00:00\",\"breadcrumb\":{\"@id\":\"https:\\\/\\\/zeitschild.de\\\/en\\\/philosophie\\\/#breadcrumb\"},\"inLanguage\":\"en-US\",\"potentialAction\":[{\"@type\":\"ReadAction\",\"target\":[\"https:\\\/\\\/zeitschild.de\\\/en\\\/philosophie\\\/\"]}]},{\"@type\":\"BreadcrumbList\",\"@id\":\"https:\\\/\\\/zeitschild.de\\\/en\\\/philosophie\\\/#breadcrumb\",\"itemListElement\":[{\"@type\":\"ListItem\",\"position\":1,\"name\":\"Startseite\",\"item\":\"https:\\\/\\\/zeitschild.de\\\/en\\\/\"},{\"@type\":\"ListItem\",\"position\":2,\"name\":\"Philosophie\"}]},{\"@type\":\"WebSite\",\"@id\":\"https:\\\/\\\/zeitschild.de\\\/en\\\/#website\",\"url\":\"https:\\\/\\\/zeitschild.de\\\/en\\\/\",\"name\":\"Zeitschild GmbH\",\"description\":\"Hautpflege | Gesichtspflege | Tagescreme | Nachtcreme\",\"publisher\":{\"@id\":\"https:\\\/\\\/zeitschild.de\\\/en\\\/#organization\"},\"potentialAction\":[{\"@type\":\"SearchAction\",\"target\":{\"@type\":\"EntryPoint\",\"urlTemplate\":\"https:\\\/\\\/zeitschild.de\\\/en\\\/?s={search_term_string}\"},\"query-input\":{\"@type\":\"PropertyValueSpecification\",\"valueRequired\":true,\"valueName\":\"search_term_string\"}}],\"inLanguage\":\"en-US\"},{\"@type\":\"Organization\",\"@id\":\"https:\\\/\\\/zeitschild.de\\\/en\\\/#organization\",\"name\":\"Zeitschild GmbH\",\"url\":\"https:\\\/\\\/zeitschild.de\\\/en\\\/\",\"logo\":{\"@type\":\"ImageObject\",\"inLanguage\":\"en-US\",\"@id\":\"https:\\\/\\\/zeitschild.de\\\/en\\\/#\\\/schema\\\/logo\\\/image\\\/\",\"url\":\"https:\\\/\\\/zeitschild.de\\\/wp-content\\\/uploads\\\/2019\\\/09\\\/Logo_Zeitschild_3c72.png\",\"contentUrl\":\"https:\\\/\\\/zeitschild.de\\\/wp-content\\\/uploads\\\/2019\\\/09\\\/Logo_Zeitschild_3c72.png\",\"width\":212,\"height\":45,\"caption\":\"Zeitschild GmbH\"},\"image\":{\"@id\":\"https:\\\/\\\/zeitschild.de\\\/en\\\/#\\\/schema\\\/logo\\\/image\\\/\"},\"sameAs\":[\"https:\\\/\\\/www.facebook.com\\\/zeitschild\\\/\",\"https:\\\/\\\/www.instagram.com\\\/zeitschild\\\/\",\"https:\\\/\\\/www.youtube.com\\\/channel\\\/UCMyKYFDf3bbeF_ozJ1UXpbw\"]}]}<\/script>\n<!-- \/ Yoast SEO plugin. -->","yoast_head_json":{"title":"Philosophie - Zeitschild","robots":{"index":"index","follow":"follow","max-snippet":"max-snippet:-1","max-image-preview":"max-image-preview:large","max-video-preview":"max-video-preview:-1"},"canonical":"https:\/\/zeitschild.de\/en\/philosophie\/","og_locale":"en_US","og_type":"article","og_title":"Philosophie - Zeitschild","og_description":"[vc_row thb_divider_position=&#8221;bottom&#8221;][vc_column][vc_empty_space mobile_height=&#8221;10&#8243; height=&#8221;86px&#8221;][vc_column_text] Die Zeitschild-Philosophie [\/vc_column_text][vc_empty_space mobile_height=&#8221;10&#8243; height=&#8221;50px&#8221;][\/vc_column][\/vc_row][vc_row thb_divider_position=&#8221;bottom&#8221;][vc_column][vc_column_text] EINE ECHTE REVOLUTION IN DER HAUTPFLEGE-EVOLUTION! Unser urbaner Lebensstil ist eine Herausforderung. Umweltbelastungen setzen uns zu. Wir f\u00fchlen uns gestresst und finden unzureichend Schlaf, suchen Entspannung bei einem langen Sonnenbad und manch einer g\u00f6nnt sich Ablenkung durch den Genuss von Alkohol oder Nikotin. Die Urbanisierung&hellip;","og_url":"https:\/\/zeitschild.de\/en\/philosophie\/","og_site_name":"Zeitschild","article_publisher":"https:\/\/www.facebook.com\/zeitschild\/","twitter_card":"summary_large_image","twitter_misc":{"Est. reading time":"2 minutes"},"schema":{"@context":"https:\/\/schema.org","@graph":[{"@type":"WebPage","@id":"https:\/\/zeitschild.de\/en\/philosophie\/","url":"https:\/\/zeitschild.de\/en\/philosophie\/","name":"Philosophie - Zeitschild","isPartOf":{"@id":"https:\/\/zeitschild.de\/en\/#website"},"datePublished":"2019-10-20T16:20:25+00:00","breadcrumb":{"@id":"https:\/\/zeitschild.de\/en\/philosophie\/#breadcrumb"},"inLanguage":"en-US","potentialAction":[{"@type":"ReadAction","target":["https:\/\/zeitschild.de\/en\/philosophie\/"]}]},{"@type":"BreadcrumbList","@id":"https:\/\/zeitschild.de\/en\/philosophie\/#breadcrumb","itemListElement":[{"@type":"ListItem","position":1,"name":"Startseite","item":"https:\/\/zeitschild.de\/en\/"},{"@type":"ListItem","position":2,"name":"Philosophie"}]},{"@type":"WebSite","@id":"https:\/\/zeitschild.de\/en\/#website","url":"https:\/\/zeitschild.de\/en\/","name":"Zeitschild GmbH","description":"Hautpflege | Gesichtspflege | Tagescreme | Nachtcreme","publisher":{"@id":"https:\/\/zeitschild.de\/en\/#organization"},"potentialAction":[{"@type":"SearchAction","target":{"@type":"EntryPoint","urlTemplate":"https:\/\/zeitschild.de\/en\/?s={search_term_string}"},"query-input":{"@type":"PropertyValueSpecification","valueRequired":true,"valueName":"search_term_string"}}],"inLanguage":"en-US"},{"@type":"Organization","@id":"https:\/\/zeitschild.de\/en\/#organization","name":"Zeitschild GmbH","url":"https:\/\/zeitschild.de\/en\/","logo":{"@type":"ImageObject","inLanguage":"en-US","@id":"https:\/\/zeitschild.de\/en\/#\/schema\/logo\/image\/","url":"https:\/\/zeitschild.de\/wp-content\/uploads\/2019\/09\/Logo_Zeitschild_3c72.png","contentUrl":"https:\/\/zeitschild.de\/wp-content\/uploads\/2019\/09\/Logo_Zeitschild_3c72.png","width":212,"height":45,"caption":"Zeitschild GmbH"},"image":{"@id":"https:\/\/zeitschild.de\/en\/#\/schema\/logo\/image\/"},"sameAs":["https:\/\/www.facebook.com\/zeitschild\/","https:\/\/www.instagram.com\/zeitschild\/","https:\/\/www.youtube.com\/channel\/UCMyKYFDf3bbeF_ozJ1UXpbw"]}]}},"_links":{"self":[{"href":"https:\/\/zeitschild.de\/en\/wp-json\/wp\/v2\/pages\/7413","targetHints":{"allow":["GET"]}}],"collection":[{"href":"https:\/\/zeitschild.de\/en\/wp-json\/wp\/v2\/pages"}],"about":[{"href":"https:\/\/zeitschild.de\/en\/wp-json\/wp\/v2\/types\/page"}],"author":[{"embeddable":true,"href":"https:\/\/zeitschild.de\/en\/wp-json\/wp\/v2\/users\/1"}],"replies":[{"embeddable":true,"href":"https:\/\/zeitschild.de\/en\/wp-json\/wp\/v2\/comments?post=7413"}],"version-history":[{"count":0,"href":"https:\/\/zeitschild.de\/en\/wp-json\/wp\/v2\/pages\/7413\/revisions"}],"wp:attachment":[{"href":"https:\/\/zeitschild.de\/en\/wp-json\/wp\/v2\/media?parent=7413"}],"curies":[{"name":"wp","href":"https:\/\/api.w.org\/{rel}","templated":true}]}}