{"id":7418,"date":"2020-06-21T14:28:27","date_gmt":"2020-06-21T12:28:27","guid":{"rendered":"https:\/\/zeitschild.de\/technologie\/"},"modified":"2020-06-21T14:28:27","modified_gmt":"2020-06-21T12:28:27","slug":"technologie","status":"publish","type":"page","link":"https:\/\/zeitschild.de\/en\/technologie\/","title":{"rendered":"Technologie"},"content":{"rendered":"<div class=\"wpb-content-wrapper\">[vc_row thb_divider_position=&#8221;bottom&#8221;][vc_column][vc_empty_space mobile_height=&#8221;86&#8243; height=&#8221;86&#8243;][vc_column_text]\n<h1 style=\"font-size: 35px; font-weight: normal !important; text-align: center;\">Zeitschild spricht von einer echten Revolution in der Hautpflege-Evolution!<\/h1>\n[\/vc_column_text][vc_empty_space mobile_height=&#8221;50&#8243; height=&#8221;50px&#8221;][\/vc_column][\/vc_row][vc_row thb_divider_position=&#8221;bottom&#8221;][vc_column][vc_empty_space height=&#8221;25px&#8221;][vc_column_text]\n<h2>Warum kann Zeitschild dies behaupten?<\/h2>\n[\/vc_column_text][vc_column_text]Die Zeitschild Skin Aesthetics Cremes und Seren beinhalten hochmoderne Technologien und Wirkstoffe, die ganzheitlich aufeinander abgestimmt sind. Das Ziel ist eine gesunde und damit dauerhaft sch\u00f6ne Haut.[\/vc_column_text][vc_empty_space height=&#8221;25px&#8221;][vc_column_text]\n<h2>Zeitschild Skin Aesthetics \u2013 Cremes<\/h2>\n[\/vc_column_text][vc_column_text]Die modernen Cremes von Zeitschild geben der Haut zielgenau das, was sie wirklich braucht, was ihr hilft und nichts was ihr schaden k\u00f6nnte.<br \/>\nF\u00fcr Widerstandsf\u00e4higkeit gegen Umweltbelastungen und Schutz vor Feuchtigkeitsverlust.<\/p>\n<p>Die drei leistungsstarken Technologien aus dem <a href=\"https:\/\/zeitschild.de\/elements\/\">Skin Science Circle<\/a><\/p>\n<ul>\n<li>OLT\u00ae \u2013 St\u00e4rkung und Schutz des Hautmantels<\/li>\n<li>PLIA \u2013 Schutz vor lichtbedingter Hautalterung<\/li>\n<li>EPS \u2013 Schutz vor Umweltreizen<\/li>\n<\/ul>\n[\/vc_column_text][vc_empty_space height=&#8221;25px&#8221;][vc_column_text]\n<h3>1. OLT\u00ae &#8211; Ortholamellare Technologie zur St\u00e4rkung und Schutz des Hautmantels<\/h3>\n[\/vc_column_text][vc_empty_space height=&#8221;25px&#8221;][vc_column_text]Mit der patentierten OLT\u00ae-Technologie ist es &#8211; vereinfacht gesagt &#8211; erstmalig gelungen, die gesunde Haut zu simulieren und damit der beschleunigten Hautalterung entgegenzuwirken.<\/p>\n<p>Eine gesunde Haut besteht &#8211; in der sch\u00fctzenden Hornschicht aus einer hexagonalen (weniger stabilen) und einer orthorhombischen (stabilen) Lipidstruktur. Produkte auf Basis klassischer Emulsionssysteme (Wasser-\/\u00d6l-Emulgatormischungen) treten sehr intensiv mit dieser sch\u00fctzenden Schicht in Wechselwirkung<strong>.<\/strong> Die klassischen Emulsionssysteme sind in der Lage, die f\u00fcr die Barriere wichtigen Lipide auszuwaschen und somit kommt die Haut in ein Ungleichgewicht.<\/p>\n<p>Die OLT\u00ae Technologie orientiert sich an der gesunden Haut und besteht im Unterschied zur herk\u00f6mmlichen Emulsion aus <strong>dicht gepackten Membran-Lipiden<\/strong> und nicht aus einer Wasser-\/\u00d6l-Emulsion. Diese dicht gepackten Membran-Lipide sind der Durchbruch zu einer neuen Dimension: <em>&#8220;die DNA der Hautbarriere wurde simuliert&#8221;.<\/em><\/p>\n<p>Das bedeutet die Hautbarriere-Technologie OLT\u00ae leistet einen wesentlichen Beitrag zur Eigenregeneration der Haut und besitzt einhergehend eine Botenfunktion in die tieferen Schichten (Epidermis).<\/p>\n<p>Damit ist ein ganzheitliches, modernes System zur gesunden Pre- und Antiagingfunktion gegeben.<\/p>\n<h2>Die OLT\u00ae Technologie:<\/h2>\n<ul>\n<li>simuliert und erg\u00e4nzt die wichtigen physiologischen Strukturen der gesunden Haut<\/li>\n<li>so k\u00f6nnen durch Aktivierung von Regenerationsmechanismen der Hautmantel gest\u00e4rkt und vorhandene Schwachstellen ausgeglichen werden<\/li>\n<li>das Hautgleichgewicht kann langfristig wiederhergestellt und erhalten bleiben<\/li>\n<li>durch den vorbeugenden sch\u00fctzenden Charakter wirken Produkte mit der OLT\u00ae-Technologie der beschleunigten Hautalterung entgegen<\/li>\n<\/ul>\n<p>Enthalten in allen Zeitschild Skin Aesthetics Cremen.[\/vc_column_text][vc_empty_space height=&#8221;25px&#8221;][vc_column_text]\n<h3>2. PLIA: Protection-Light-Induced-Ageing &#8211; moderne Technologie zum Schutz vor lichtbedingter Hautalterung<\/h3>\n[\/vc_column_text][vc_empty_space height=&#8221;25px&#8221;][vc_column_text]UVB-Strahlung erreicht die Erde in relativ geringen Mengen. 95 % der UV-Strahlen, die den Boden erreichen, sind UVA Strahlen. 5 % sind UVB-Strahlen: davon gelangen 70 % auf die Haut und werden von der Hornschicht absorbiert, 20 % erreichen die lebensf\u00e4hige Epidermis und nur 10 % dringen in den obersten Teil der Dermis ein, dort wo Kollagen und Elastin gebildet und vernetzt werden.<\/p>\n<p>Die UVA-Strahlung hat somit den gr\u00f6\u00dften Einfluss auf die Dermis-Strukturen. Das ist einer der Gr\u00fcnde, warum UVA-Strahlung heute als wichtigster Faktor im Prozess des Haut-Photoaging akzeptiert ist.<\/p>\n<p>Studien am Menschen haben eindeutig gezeigt, dass UVA-Strahlung signifikant zur langfristigen Verschlechterung der Hautunterstruktur beitr\u00e4gt, dort wo Kollagen und Elastin das tiefe Gewebe stabilisieren und f\u00fcr ein glattes Hautbild sorgen. Die UVA-Strahlung ist verantwortlich f\u00fcr das fr\u00fche Auftreten von Lichtalterungserscheinungen, darunter fleckige Pigmentierung, Faltenbildung, Schlaffheit, Absacken, Trockenheit usw.<\/p>\n<p><strong>Deshalb setzen wir von Zeitschild eine neue Dimension ein:<\/strong><br \/>\n<strong>Die einzigartige PLIA-Schutzsystem-Technologie mit der innovativen Radikal-\/UVA-Schutzformel!<\/strong><\/p>\n<p>Mit dem hochwirksamen und stabilen Radikalf\u00e4nger Bis-Ethylhexylhydroxydimethoxybenzylmalonat (HDBM) und dem Triazin UVA-Schutz sch\u00fctzen wir die Hautbarriere vor sch\u00e4digenden Radikalen sowie dem Eindringen von UVA Strahlen bis in die Dermis.<\/p>\n<p>Die Hauptursachen der lichtbedingten Hautalterung k\u00f6nnen blockiert, und Pigmentst\u00f6rungen sowie die Entstehung von Falten durch Sch\u00e4digung des dermalen Bindegewebes verhindert werden.[\/vc_column_text][vc_empty_space height=&#8221;25px&#8221;][vc_column_text]\n<h3>3. EPS \u2013 Epidermal- Protection-System &#8211; moderne Technologie\u00a0zum Schutz vor Umweltreizen<\/h3>\n[\/vc_column_text][vc_empty_space height=&#8221;25px&#8221;][vc_column_text]Vor Jahren wurde uns bewusst, dass wir in unseren Tagescremes einen Lichtschutz ben\u00f6tigen. Die Zeit hat sich ver\u00e4ndert, der Lichtschutz ist &#8211; wie in der Technologie PLIA beschrieben &#8211; wichtiger denn je geworden, aber heute kommen aufgrund unserer immensen Umweltbelastungen noch weitere Sch\u00e4digungen von au\u00dfen hinzu. Deshalb forschten wir f\u00fcr Technologien zu einem zeitgem\u00e4\u00dfen Schutz der Haut vor sch\u00e4digenden Umwelteinfl\u00fcssen.<\/p>\n<p><strong>Mit der EPS-Technologie ist uns ein weiterer Durchbruch gelungen.<\/strong> Sie beinhaltet die Kombination mehrerer synergistisch wirkender Technologien und Wirkstoffe, welche die nat\u00fcrliche Hautbarriere-St\u00e4rkung von au\u00dfen wie von innen unterst\u00fctzen und wiederaufbauen. Durch die St\u00e4rkung wird einer \u00dcberempfindlichkeit der Haut und damit einer vorzeitigen Hautalterung entgegengewirkt.<\/p>\n<p>Hierbei sind haupts\u00e4chlich die ortholamellare Technologie OLT\u00ae, Niacinamid und der Radikalf\u00e4nger Ethylhexylhydroxydimethoxybenzylmalonat (HDBM) zu benennen.<br \/>\nDie ortholamellare Technologie OLT\u00ae st\u00e4rkt den Hautschutzmantel von innen wie von au\u00dfen. Aufgebaut auf hautidentischen Strukturen f\u00f6rdert sie sowohl die hauteigene Ceramid- und Fetts\u00e4ure-Neubildung (inside-out Effekt) als auch eine direkte Barrierest\u00e4rkung (outside-in Effekt) durch Einbettung der Struktur in Fehlstellen der Hornschicht. Schl\u00fcsselstellen werden adressiert mit dem Ziel, bei Belastung, wie dem Anstieg des pH-Wertes, der Mikrobiom-Ver\u00e4nderung und anderen Ver\u00e4nderungen entgegenzuwirken bzw. die Funktionen zu re-stabilisieren.<\/p>\n<p>Zus\u00e4tzlich f\u00f6rdert der Wirkstoff Niacinamid ebenfalls die Neubildung der Barrierelipide von innen. Radikalische Prozesse k\u00f6nnen die nat\u00fcrliche Hautregeneration negativ beeinflussen, indem sie sowohl die Neubildung der Hautbarriere behindern als auch entz\u00fcndliche Prozesse f\u00f6rdern k\u00f6nnen.<\/p>\n<p>Das Antioxidant HDBM bek\u00e4mpft diese radikalischen Prozesse und rundet das EPS-Schutzschild in Zeitschild ab.[\/vc_column_text][vc_empty_space height=&#8221;25px&#8221;][vc_column_text]\n<h3>Zeitschild Skin Aesthetics Seren<\/h3>\n[\/vc_column_text][vc_empty_space height=&#8221;25px&#8221;][vc_column_text]Die Hightech-Seren von Zeitschild sorgen f\u00fcr einen leistungsstarken Wirkstofftransport an die richtigen Stellen in den tieferen Schichten zur Unterbrechung des Hautalterungsprozesses. Gleichzeitig helfen sie dabei, in den tieferen Hautschichten stabilisierende Strukturen wieder aufzubauen.<\/p>\n<p>Die Haut wird glatt und bekommt Straffheit und Elastizit\u00e4t zur\u00fcck. Die Haut erscheint fester, die Konturen erscheinen neu geformt und die Falten gemildert.<\/p>\n<p>Die zwei hochwirksamen Technologien aus dem SkinScienceCircle:<\/p>\n<p><strong>HLC \u2013 Hya-Lipo-Carriersystem: nat\u00fcrliches Transportsystem mit vier Hyalurons\u00e4uren<\/strong><br \/>\n<strong>DPS \u2013 Schutz vor Kollagen- und Elastinverlust in den unteren Hautschichten<\/strong>[\/vc_column_text][vc_empty_space height=&#8221;25px&#8221;][\/vc_column][\/vc_row][vc_row thb_divider_position=&#8221;bottom&#8221;][vc_column][vc_column_text]\n<h3>1. HLC: HYA-Lipo Carriersystem: nat\u00fcrliches Transportsystem mit vier Hyalurons\u00e4uren<\/h3>\n[\/vc_column_text][vc_empty_space height=&#8221;25px&#8221;][\/vc_column][\/vc_row][vc_row thb_divider_position=&#8221;bottom&#8221;][vc_column width=&#8221;1\/2&#8243;][vc_column_text]Immer wieder werden in der Kosmetik Wirkstoffe modern &#8211; so auch seit Jahren die Hyalurons\u00e4ure.<br \/>\nHyalurons\u00e4ure ist jedoch nicht einfach eine einzige Substanz. Es gibt mannigfaltige Qualit\u00e4ten und vor allem besitzen Hyalurons\u00e4uren unterschiedliche L\u00e4ngen. Um in allen Bereichen der Haut zu wirken, ist eine Kombination aus diversen hochwertigen Hyalurons\u00e4uren unterschiedlicher L\u00e4nge ideal. Diese optimale Kombination findet sich in unserem HYA-Lipo Carriersystem wieder.<\/p>\n<p>Das HLC besteht aus vier hochwirksamen und qualitativen Hyalurons\u00e4uren unterschiedlichster Kettenl\u00e4nge, um die jeweiligen Tiefen der Haut zu erreichen. Molek\u00fcll\u00e4ngen von 1800 kDa bis 50 kDa steuern Prozesse in den jeweiligen Hautbereichen an und versorgen die Haut zus\u00e4tzlich intensiv mit Feuchtigkeit.<\/p>\n<p>Das Liposomensystem baut auf den Grundbausteinen einer jeden Zellmembran auf und ist daher besonders gut vertr\u00e4glich, da der K\u00f6rper es kennt und somit auch direkt in den Eigenregenerationsprozess integriert. Mit der Kombination werden die Wirkstoffe der Seren an den ben\u00f6tigten Zielort in der Haut gebracht.[\/vc_column_text][\/vc_column][vc_column width=&#8221;1\/2&#8243;][vc_single_image image=&#8221;5926&#8243; img_size=&#8221;large&#8221; alignment=&#8221;center&#8221;][\/vc_column][\/vc_row][vc_row thb_divider_position=&#8221;bottom&#8221;][vc_column][vc_empty_space height=&#8221;25px&#8221;][vc_column_text]\n<h3>2. DPS-Technologie: Dermis-Protection-System &#8211; Technologie zum Schutz vor Kollagen- und Elastin-Verlust in der Dermis<\/h3>\n[\/vc_column_text][vc_empty_space height=&#8221;25px&#8221;][vc_column_text]Aufgrund chronischer oder umweltbedingter Alterung ver\u00e4ndert sich die Gewebestruktur in den tieferen Hautschichten. Diese Erschlaffung tr\u00e4gt in hohem Ma\u00dfe zu einem gealterten Aussehen des<br \/>\nGesichts bei. Sowohl die Elastizit\u00e4t als auch die Festigkeit nehmen ab und resultieren in tiefen wie auch oberfl\u00e4chlichen Falten.<\/p>\n<p>F\u00fcr die Faltenbildung ist das stabilisierende Netzwerk in der Dermis hauptverantwortlich. Die wichtigsten Halt gebenden Proteinstrukturen sind die kollagenen und elastischen Fasern. In der DPS sind synergistisch abgestimmte Wirkstoffe integriert, die sowohl die Synthese der Hauptbestandteile der elastischen Faser als auch der kollagenen Faser stimulieren, um die vorzeitige Hautalterung und die fr\u00fchzeitige Faltenbildung zu bek\u00e4mpfen.<\/p>\n<p>Peptide unterst\u00fctzen die Aktivierung hauteigener Reparaturprozesse, insbesondere im Bereich der empfindlichen und f\u00fcr UV-Sch\u00e4den anf\u00e4lligen Papillen-Schicht (Stratum papillare). Durch Unterst\u00fctzung der Elastin- und Kollagenneubildung hilft die Wirkstoffkombination Falten zu gl\u00e4tten und die Elastizit\u00e4t und die Spannkraft der Haut zu verbessern.<br \/>\nAus dem Tigergras gewonnenes Madecassosid wirkt erg\u00e4nzend der Emzymaktivierung entgegen, die zum Abbau des Kollagens und des Elastins f\u00fchren w\u00fcrde.<\/p>\n<p>Somit wird der aktive Aufbau der stabilisierenden Fasern unterst\u00fctzt und gleichzeitig dem Abbau entgegengewirkt. Ein Wirkprinzip, das mehrere Schl\u00fcsselstellen der Faltenverhinderung gleichzeitig bedient.<br \/>\n[\/vc_column_text][\/vc_column][\/vc_row][vc_row thb_divider_position=&#8221;bottom&#8221; css=&#8221;.vc_custom_1574796511099{margin-top: 25px !important;}&#8221;][vc_column width=&#8221;1\/3&#8243;]\t<a class=\"btn  full   button_dach regular\" href=\"\/\" target=\"_self\" role=\"button\" title=\"STARTSEITE\"><span>STARTSEITE<\/span><\/a>\n\n\t[\/vc_column][vc_column width=&#8221;1\/3&#8243;][\/vc_column][vc_column width=&#8221;1\/3&#8243;]\t<a class=\"btn  full   button_dach regular\" href=\"\/zeitschild-shop\/\" target=\"_self\" role=\"button\" title=\"ZUM SHOP\"><span>ZUM SHOP<\/span><\/a>\n\n\t[\/vc_column][\/vc_row]\n<\/div>","protected":false},"excerpt":{"rendered":"<p>[vc_row thb_divider_position=&#8221;bottom&#8221;][vc_column][vc_empty_space mobile_height=&#8221;86&#8243; height=&#8221;86&#8243;][vc_column_text] Zeitschild spricht von einer echten Revolution in der Hautpflege-Evolution! [\/vc_column_text][vc_empty_space mobile_height=&#8221;50&#8243; height=&#8221;50px&#8221;][\/vc_column][\/vc_row][vc_row thb_divider_position=&#8221;bottom&#8221;][vc_column][vc_empty_space height=&#8221;25px&#8221;][vc_column_text] Warum kann Zeitschild dies behaupten? [\/vc_column_text][vc_column_text]Die Zeitschild Skin Aesthetics Cremes und Seren beinhalten hochmoderne Technologien und Wirkstoffe, die ganzheitlich aufeinander abgestimmt sind. Das Ziel ist eine gesunde und damit dauerhaft sch\u00f6ne Haut.[\/vc_column_text][vc_empty_space height=&#8221;25px&#8221;][vc_column_text] Zeitschild Skin Aesthetics \u2013&hellip;<\/p>\n","protected":false},"author":1,"featured_media":0,"parent":0,"menu_order":0,"comment_status":"closed","ping_status":"closed","template":"page-default.php","meta":{"footnotes":""},"class_list":["post-7418","page","type-page","status-publish","hentry"],"yoast_head":"<!-- This site is optimized with the Yoast SEO plugin v27.3 - https:\/\/yoast.com\/product\/yoast-seo-wordpress\/ -->\n<title>Technologie - Zeitschild<\/title>\n<meta name=\"robots\" content=\"index, follow, max-snippet:-1, max-image-preview:large, max-video-preview:-1\" \/>\n<link rel=\"canonical\" href=\"https:\/\/zeitschild.de\/en\/technologie\/\" \/>\n<meta property=\"og:locale\" content=\"en_US\" \/>\n<meta property=\"og:type\" content=\"article\" \/>\n<meta property=\"og:title\" content=\"Technologie - Zeitschild\" \/>\n<meta property=\"og:description\" content=\"[vc_row thb_divider_position=&#8221;bottom&#8221;][vc_column][vc_empty_space mobile_height=&#8221;86&#8243; height=&#8221;86&#8243;][vc_column_text] Zeitschild spricht von einer echten Revolution in der Hautpflege-Evolution! [\/vc_column_text][vc_empty_space mobile_height=&#8221;50&#8243; height=&#8221;50px&#8221;][\/vc_column][\/vc_row][vc_row thb_divider_position=&#8221;bottom&#8221;][vc_column][vc_empty_space height=&#8221;25px&#8221;][vc_column_text] Warum kann Zeitschild dies behaupten? [\/vc_column_text][vc_column_text]Die Zeitschild Skin Aesthetics Cremes und Seren beinhalten hochmoderne Technologien und Wirkstoffe, die ganzheitlich aufeinander abgestimmt sind. Das Ziel ist eine gesunde und damit dauerhaft sch\u00f6ne Haut.[\/vc_column_text][vc_empty_space height=&#8221;25px&#8221;][vc_column_text] Zeitschild Skin Aesthetics \u2013&hellip;\" \/>\n<meta property=\"og:url\" content=\"https:\/\/zeitschild.de\/en\/technologie\/\" \/>\n<meta property=\"og:site_name\" content=\"Zeitschild\" \/>\n<meta property=\"article:publisher\" content=\"https:\/\/www.facebook.com\/zeitschild\/\" \/>\n<meta name=\"twitter:card\" content=\"summary_large_image\" \/>\n<meta name=\"twitter:label1\" content=\"Est. reading time\" \/>\n\t<meta name=\"twitter:data1\" content=\"8 minutes\" \/>\n<script type=\"application\/ld+json\" class=\"yoast-schema-graph\">{\"@context\":\"https:\\\/\\\/schema.org\",\"@graph\":[{\"@type\":\"WebPage\",\"@id\":\"https:\\\/\\\/zeitschild.de\\\/en\\\/technologie\\\/\",\"url\":\"https:\\\/\\\/zeitschild.de\\\/en\\\/technologie\\\/\",\"name\":\"Technologie - Zeitschild\",\"isPartOf\":{\"@id\":\"https:\\\/\\\/zeitschild.de\\\/en\\\/#website\"},\"datePublished\":\"2020-06-21T12:28:27+00:00\",\"breadcrumb\":{\"@id\":\"https:\\\/\\\/zeitschild.de\\\/en\\\/technologie\\\/#breadcrumb\"},\"inLanguage\":\"en-US\",\"potentialAction\":[{\"@type\":\"ReadAction\",\"target\":[\"https:\\\/\\\/zeitschild.de\\\/en\\\/technologie\\\/\"]}]},{\"@type\":\"BreadcrumbList\",\"@id\":\"https:\\\/\\\/zeitschild.de\\\/en\\\/technologie\\\/#breadcrumb\",\"itemListElement\":[{\"@type\":\"ListItem\",\"position\":1,\"name\":\"Startseite\",\"item\":\"https:\\\/\\\/zeitschild.de\\\/en\\\/\"},{\"@type\":\"ListItem\",\"position\":2,\"name\":\"Technologie\"}]},{\"@type\":\"WebSite\",\"@id\":\"https:\\\/\\\/zeitschild.de\\\/en\\\/#website\",\"url\":\"https:\\\/\\\/zeitschild.de\\\/en\\\/\",\"name\":\"Zeitschild GmbH\",\"description\":\"Hautpflege | Gesichtspflege | Tagescreme | Nachtcreme\",\"publisher\":{\"@id\":\"https:\\\/\\\/zeitschild.de\\\/en\\\/#organization\"},\"potentialAction\":[{\"@type\":\"SearchAction\",\"target\":{\"@type\":\"EntryPoint\",\"urlTemplate\":\"https:\\\/\\\/zeitschild.de\\\/en\\\/?s={search_term_string}\"},\"query-input\":{\"@type\":\"PropertyValueSpecification\",\"valueRequired\":true,\"valueName\":\"search_term_string\"}}],\"inLanguage\":\"en-US\"},{\"@type\":\"Organization\",\"@id\":\"https:\\\/\\\/zeitschild.de\\\/en\\\/#organization\",\"name\":\"Zeitschild GmbH\",\"url\":\"https:\\\/\\\/zeitschild.de\\\/en\\\/\",\"logo\":{\"@type\":\"ImageObject\",\"inLanguage\":\"en-US\",\"@id\":\"https:\\\/\\\/zeitschild.de\\\/en\\\/#\\\/schema\\\/logo\\\/image\\\/\",\"url\":\"https:\\\/\\\/zeitschild.de\\\/wp-content\\\/uploads\\\/2019\\\/09\\\/Logo_Zeitschild_3c72.png\",\"contentUrl\":\"https:\\\/\\\/zeitschild.de\\\/wp-content\\\/uploads\\\/2019\\\/09\\\/Logo_Zeitschild_3c72.png\",\"width\":212,\"height\":45,\"caption\":\"Zeitschild GmbH\"},\"image\":{\"@id\":\"https:\\\/\\\/zeitschild.de\\\/en\\\/#\\\/schema\\\/logo\\\/image\\\/\"},\"sameAs\":[\"https:\\\/\\\/www.facebook.com\\\/zeitschild\\\/\",\"https:\\\/\\\/www.instagram.com\\\/zeitschild\\\/\",\"https:\\\/\\\/www.youtube.com\\\/channel\\\/UCMyKYFDf3bbeF_ozJ1UXpbw\"]}]}<\/script>\n<!-- \/ Yoast SEO plugin. -->","yoast_head_json":{"title":"Technologie - Zeitschild","robots":{"index":"index","follow":"follow","max-snippet":"max-snippet:-1","max-image-preview":"max-image-preview:large","max-video-preview":"max-video-preview:-1"},"canonical":"https:\/\/zeitschild.de\/en\/technologie\/","og_locale":"en_US","og_type":"article","og_title":"Technologie - Zeitschild","og_description":"[vc_row thb_divider_position=&#8221;bottom&#8221;][vc_column][vc_empty_space mobile_height=&#8221;86&#8243; height=&#8221;86&#8243;][vc_column_text] Zeitschild spricht von einer echten Revolution in der Hautpflege-Evolution! [\/vc_column_text][vc_empty_space mobile_height=&#8221;50&#8243; height=&#8221;50px&#8221;][\/vc_column][\/vc_row][vc_row thb_divider_position=&#8221;bottom&#8221;][vc_column][vc_empty_space height=&#8221;25px&#8221;][vc_column_text] Warum kann Zeitschild dies behaupten? [\/vc_column_text][vc_column_text]Die Zeitschild Skin Aesthetics Cremes und Seren beinhalten hochmoderne Technologien und Wirkstoffe, die ganzheitlich aufeinander abgestimmt sind. Das Ziel ist eine gesunde und damit dauerhaft sch\u00f6ne Haut.[\/vc_column_text][vc_empty_space height=&#8221;25px&#8221;][vc_column_text] Zeitschild Skin Aesthetics \u2013&hellip;","og_url":"https:\/\/zeitschild.de\/en\/technologie\/","og_site_name":"Zeitschild","article_publisher":"https:\/\/www.facebook.com\/zeitschild\/","twitter_card":"summary_large_image","twitter_misc":{"Est. reading time":"8 minutes"},"schema":{"@context":"https:\/\/schema.org","@graph":[{"@type":"WebPage","@id":"https:\/\/zeitschild.de\/en\/technologie\/","url":"https:\/\/zeitschild.de\/en\/technologie\/","name":"Technologie - Zeitschild","isPartOf":{"@id":"https:\/\/zeitschild.de\/en\/#website"},"datePublished":"2020-06-21T12:28:27+00:00","breadcrumb":{"@id":"https:\/\/zeitschild.de\/en\/technologie\/#breadcrumb"},"inLanguage":"en-US","potentialAction":[{"@type":"ReadAction","target":["https:\/\/zeitschild.de\/en\/technologie\/"]}]},{"@type":"BreadcrumbList","@id":"https:\/\/zeitschild.de\/en\/technologie\/#breadcrumb","itemListElement":[{"@type":"ListItem","position":1,"name":"Startseite","item":"https:\/\/zeitschild.de\/en\/"},{"@type":"ListItem","position":2,"name":"Technologie"}]},{"@type":"WebSite","@id":"https:\/\/zeitschild.de\/en\/#website","url":"https:\/\/zeitschild.de\/en\/","name":"Zeitschild GmbH","description":"Hautpflege | Gesichtspflege | Tagescreme | Nachtcreme","publisher":{"@id":"https:\/\/zeitschild.de\/en\/#organization"},"potentialAction":[{"@type":"SearchAction","target":{"@type":"EntryPoint","urlTemplate":"https:\/\/zeitschild.de\/en\/?s={search_term_string}"},"query-input":{"@type":"PropertyValueSpecification","valueRequired":true,"valueName":"search_term_string"}}],"inLanguage":"en-US"},{"@type":"Organization","@id":"https:\/\/zeitschild.de\/en\/#organization","name":"Zeitschild GmbH","url":"https:\/\/zeitschild.de\/en\/","logo":{"@type":"ImageObject","inLanguage":"en-US","@id":"https:\/\/zeitschild.de\/en\/#\/schema\/logo\/image\/","url":"https:\/\/zeitschild.de\/wp-content\/uploads\/2019\/09\/Logo_Zeitschild_3c72.png","contentUrl":"https:\/\/zeitschild.de\/wp-content\/uploads\/2019\/09\/Logo_Zeitschild_3c72.png","width":212,"height":45,"caption":"Zeitschild GmbH"},"image":{"@id":"https:\/\/zeitschild.de\/en\/#\/schema\/logo\/image\/"},"sameAs":["https:\/\/www.facebook.com\/zeitschild\/","https:\/\/www.instagram.com\/zeitschild\/","https:\/\/www.youtube.com\/channel\/UCMyKYFDf3bbeF_ozJ1UXpbw"]}]}},"_links":{"self":[{"href":"https:\/\/zeitschild.de\/en\/wp-json\/wp\/v2\/pages\/7418","targetHints":{"allow":["GET"]}}],"collection":[{"href":"https:\/\/zeitschild.de\/en\/wp-json\/wp\/v2\/pages"}],"about":[{"href":"https:\/\/zeitschild.de\/en\/wp-json\/wp\/v2\/types\/page"}],"author":[{"embeddable":true,"href":"https:\/\/zeitschild.de\/en\/wp-json\/wp\/v2\/users\/1"}],"replies":[{"embeddable":true,"href":"https:\/\/zeitschild.de\/en\/wp-json\/wp\/v2\/comments?post=7418"}],"version-history":[{"count":0,"href":"https:\/\/zeitschild.de\/en\/wp-json\/wp\/v2\/pages\/7418\/revisions"}],"wp:attachment":[{"href":"https:\/\/zeitschild.de\/en\/wp-json\/wp\/v2\/media?parent=7418"}],"curies":[{"name":"wp","href":"https:\/\/api.w.org\/{rel}","templated":true}]}}