{"id":7420,"date":"2019-09-30T14:27:31","date_gmt":"2019-09-30T12:27:31","guid":{"rendered":"https:\/\/zeitschild.de\/versand-und-zahlung\/"},"modified":"2019-09-30T14:27:31","modified_gmt":"2019-09-30T12:27:31","slug":"versand-und-zahlung","status":"publish","type":"page","link":"https:\/\/zeitschild.de\/en\/versand-und-zahlung\/","title":{"rendered":"Versand u. Zahlung"},"content":{"rendered":"<div class=\"wpb-content-wrapper\">[vc_row thb_divider_position=&#8221;bottom&#8221;][vc_column][vc_empty_space mobile_height=&#8221;10px&#8221; height=&#8221;86px&#8221;][\/vc_column][\/vc_row][vc_row thb_divider_position=&#8221;bottom&#8221;][vc_column][vc_column_text]\n<h2>Versand<\/h2>\n[\/vc_column_text][\/vc_column][\/vc_row][vc_row thb_divider_position=&#8221;bottom&#8221;][vc_column][vc_column_text]Die Versandkostenpauschale betr\u00e4gt <strong>innerhalb Deutschlands 5,90 Euro<\/strong>. Ab einer <strong>Bestellung von 2 Produkten erfolgt der Versand kostenfrei<\/strong>.<br \/>\nDie Versanskostenpauschale <strong>innerhalb Europas betr\u00e4gt 9,65 Euro.<\/strong><br \/>\nDie Versandkosten werden Ihnen im Warenkorbsystem und auf der Bestellseite nochmals deutlich mitgeteilt.[\/vc_column_text][\/vc_column][\/vc_row][vc_row thb_divider_position=&#8221;bottom&#8221;][vc_column][vc_column_text]\n<h2><\/h2>\n<h2>Lieferzeiten<\/h2>\n[\/vc_column_text][vc_column_text]Unsere Versandzeiten k\u00f6nnen variieren. Sobald Ihre Bestellung eingegangen ist dauert der Versand <strong>in der Regel 2-5 Werktage<\/strong>.<br \/>\nAb dem Moment in dem das Paket versandfertig ist, erhalten Sie eine E-Mail.<br \/>\nSollten Sie nach 10 Tagen immer noch keine Versandinformationen erhalten haben, senden Sie uns bitte eine E-Mail an <a href=\"mailto:info@zeitschild.com\">info@zeitschild.com<\/a>.[\/vc_column_text][vc_column_text]\n<h2><\/h2>\n<h2>Zahlung<\/h2>\n[\/vc_column_text][\/vc_column][\/vc_row][vc_row thb_divider_position=&#8221;bottom&#8221;][vc_column][vc_column_text]Wir bieten Ihnen folgende Zahlungsarten an, w\u00e4hle einfach die von dir gew\u00fcnschte Option aus.<\/p>\n<p>Die in den jeweiligen Angeboten angef\u00fchrten Preise stellen Endpreise dar. Sie beinhalten alle Preisbestandteile einschlie\u00dflich etwaig anfallender Steuern wie der Mehrwertsteuer. Nur bei grenz\u00fcberschreitenden Lieferungen k\u00f6nnen im Einzelfall weitere Steuern (z.B. im Falle eines innergemeinschaftlichen Erwerbs) und\/oder Abgaben (z.B. Z\u00f6lle) von dir zu zahlen sein, jedoch nicht an den Verk\u00e4ufer, sondern an die dort zust\u00e4ndigen Zoll- bzw. Steuerbeh\u00f6rden.<\/p>\n<p>Die anfallenden Liefer- und Versandkosten sind nicht im Kaufpreis enthalten, sie sind \u00fcber die Seite \u201eVersandkosten\u201c aufrufbar, werden im Laufe des Bestellvorganges gesondert ausgewiesen und sind von dir zus\u00e4tzlich zu tragen. Die Rechnung wird per E-Mail versendet.[\/vc_column_text][vc_separator css=&#8221;.vc_custom_1623846865737{margin-top: 20px !important;}&#8221;][\/vc_column][\/vc_row][vc_row thb_divider_position=&#8221;bottom&#8221;][vc_column][vc_column_text]\n<h3><\/h3>\n<h2>Rechnung (Klarna)<\/h2>\n<p>Zu zahlen direkt an Klarna innerhalb von 14 Tagen ab Rechnungsdatum. Die Rechnung wird bei Versand der Ware ausgestellt und per E-Mail versendet. Die Rechnungsbedingungen finden Sie <a href=\"https:\/\/cdn.klarna.com\/1.0\/shared\/content\/legal\/terms\/EID\/de_de\/invoice?fee=0\">hier<\/a>.<\/p>\n<h2>Kreditkarte (Stripe)<\/h2>\n<p>Zahlen Sie ganz einfach per Visa oder Mastercard Kreditkarte.<\/p>\n<h2>PayPal<\/h2>\n<p>Noch sicherer und schnell bezahlen mit ihrem PayPal-Konto oder dem \u00dcberweisungsdienst von PayPal ohne Anmeldung.<\/p>\n<h2>SOFORT \u00dcberweisung\u00a0(Klarna)<\/h2>\n<p>Zahle Sie ganz einfach wie Sie es beim Online-Shoppen gewohnt sind \u2013 mit Ihren Online-Banking-Daten und maximal sicher via PIN und TAN. Dank einer Echtzeit-Transaktionsbest\u00e4tigung an den Shop ist ein sofortiger Versand Ihrer bestellten Waren m\u00f6glich.<\/p>\n<h2>HINWEISE ZU KLARNA-ZAHLUNGSARTEN<\/h2>\n<p>Klarna Zahlungsarten erfordern Vollj\u00e4hrigkeit.<\/p>\n<p>Sollten Sie bei der Bezahlung mit einer der Klarna Bezahlmethoden (Rechnung, Sofort\u00dcberweisung) Probleme haben \u2013 zum Beispiel den Hinweis gezeigt bekommen: \u201eLeider k\u00f6nnen wir diesen Einkauf nicht \u00fcber Klarna abwickeln. Bitte w\u00e4hlen Sie eine alternative Zahlungsoption aus, um Ihre Bestellung abzuschlie\u00dfen.\u201c \u2013 wenden Sie sich bitte an Klarna direkt, sollte dieser wiederholt auftauchen.<\/p>\n<p>Klarnas Kundenservice ist erreichbar unter:<br \/>\nTel.: 0221 669 501 10<br \/>\nE-Mail: kundendienst@klarna.de<br \/>\nWeb\/ Chat: <a href=\"https:\/\/www.klarna.com\/de\/smoooth-mehrzuklarna\/\">https:\/\/www.klarna.com\/de\/smoooth-mehrzuklarna\/ <\/a><\/p>\n<p>Ebenfalls bietet Klarna eine mobile App sowie das MyKlarna Portal an, in dem alle Informationen zu Ihrer Bestellungen angesehen werden k\u00f6nnen. Au\u00dferdem k\u00f6nnen Sie dort Rechnungen direkt bezahlen, Retouren melden und Zahlungsziele verl\u00e4ngern.[\/vc_column_text][\/vc_column][\/vc_row]\n<\/div>","protected":false},"excerpt":{"rendered":"<p>[vc_row thb_divider_position=&#8221;bottom&#8221;][vc_column][vc_empty_space mobile_height=&#8221;10px&#8221; height=&#8221;86px&#8221;][\/vc_column][\/vc_row][vc_row thb_divider_position=&#8221;bottom&#8221;][vc_column][vc_column_text] Versand [\/vc_column_text][\/vc_column][\/vc_row][vc_row thb_divider_position=&#8221;bottom&#8221;][vc_column][vc_column_text]Die Versandkostenpauschale betr\u00e4gt innerhalb Deutschlands 5,90 Euro. Ab einer Bestellung von 2 Produkten erfolgt der Versand kostenfrei. Die Versanskostenpauschale innerhalb Europas betr\u00e4gt 9,65 Euro. Die Versandkosten werden Ihnen im Warenkorbsystem und auf der Bestellseite nochmals deutlich mitgeteilt.[\/vc_column_text][\/vc_column][\/vc_row][vc_row thb_divider_position=&#8221;bottom&#8221;][vc_column][vc_column_text] Lieferzeiten [\/vc_column_text][vc_column_text]Unsere Versandzeiten k\u00f6nnen variieren. Sobald Ihre Bestellung eingegangen ist&hellip;<\/p>\n","protected":false},"author":1,"featured_media":0,"parent":0,"menu_order":0,"comment_status":"closed","ping_status":"closed","template":"page-default.php","meta":{"footnotes":""},"class_list":["post-7420","page","type-page","status-publish","hentry"],"yoast_head":"<!-- This site is optimized with the Yoast SEO plugin v27.3 - https:\/\/yoast.com\/product\/yoast-seo-wordpress\/ -->\n<title>Versand u. Zahlung - Zeitschild<\/title>\n<meta name=\"robots\" content=\"index, follow, max-snippet:-1, max-image-preview:large, max-video-preview:-1\" \/>\n<link rel=\"canonical\" href=\"https:\/\/zeitschild.de\/en\/versand-und-zahlung\/\" \/>\n<meta property=\"og:locale\" content=\"en_US\" \/>\n<meta property=\"og:type\" content=\"article\" \/>\n<meta property=\"og:title\" content=\"Versand u. Zahlung - Zeitschild\" \/>\n<meta property=\"og:description\" content=\"[vc_row thb_divider_position=&#8221;bottom&#8221;][vc_column][vc_empty_space mobile_height=&#8221;10px&#8221; height=&#8221;86px&#8221;][\/vc_column][\/vc_row][vc_row thb_divider_position=&#8221;bottom&#8221;][vc_column][vc_column_text] Versand [\/vc_column_text][\/vc_column][\/vc_row][vc_row thb_divider_position=&#8221;bottom&#8221;][vc_column][vc_column_text]Die Versandkostenpauschale betr\u00e4gt innerhalb Deutschlands 5,90 Euro. Ab einer Bestellung von 2 Produkten erfolgt der Versand kostenfrei. Die Versanskostenpauschale innerhalb Europas betr\u00e4gt 9,65 Euro. Die Versandkosten werden Ihnen im Warenkorbsystem und auf der Bestellseite nochmals deutlich mitgeteilt.[\/vc_column_text][\/vc_column][\/vc_row][vc_row thb_divider_position=&#8221;bottom&#8221;][vc_column][vc_column_text] Lieferzeiten [\/vc_column_text][vc_column_text]Unsere Versandzeiten k\u00f6nnen variieren. Sobald Ihre Bestellung eingegangen ist&hellip;\" \/>\n<meta property=\"og:url\" content=\"https:\/\/zeitschild.de\/en\/versand-und-zahlung\/\" \/>\n<meta property=\"og:site_name\" content=\"Zeitschild\" \/>\n<meta property=\"article:publisher\" content=\"https:\/\/www.facebook.com\/zeitschild\/\" \/>\n<meta name=\"twitter:card\" content=\"summary_large_image\" \/>\n<meta name=\"twitter:label1\" content=\"Est. reading time\" \/>\n\t<meta name=\"twitter:data1\" content=\"3 minutes\" \/>\n<script type=\"application\/ld+json\" class=\"yoast-schema-graph\">{\"@context\":\"https:\\\/\\\/schema.org\",\"@graph\":[{\"@type\":\"WebPage\",\"@id\":\"https:\\\/\\\/zeitschild.de\\\/en\\\/versand-und-zahlung\\\/\",\"url\":\"https:\\\/\\\/zeitschild.de\\\/en\\\/versand-und-zahlung\\\/\",\"name\":\"Versand u. Zahlung - Zeitschild\",\"isPartOf\":{\"@id\":\"https:\\\/\\\/zeitschild.de\\\/en\\\/#website\"},\"datePublished\":\"2019-09-30T12:27:31+00:00\",\"breadcrumb\":{\"@id\":\"https:\\\/\\\/zeitschild.de\\\/en\\\/versand-und-zahlung\\\/#breadcrumb\"},\"inLanguage\":\"en-US\",\"potentialAction\":[{\"@type\":\"ReadAction\",\"target\":[\"https:\\\/\\\/zeitschild.de\\\/en\\\/versand-und-zahlung\\\/\"]}]},{\"@type\":\"BreadcrumbList\",\"@id\":\"https:\\\/\\\/zeitschild.de\\\/en\\\/versand-und-zahlung\\\/#breadcrumb\",\"itemListElement\":[{\"@type\":\"ListItem\",\"position\":1,\"name\":\"Startseite\",\"item\":\"https:\\\/\\\/zeitschild.de\\\/en\\\/\"},{\"@type\":\"ListItem\",\"position\":2,\"name\":\"Versand u. Zahlung\"}]},{\"@type\":\"WebSite\",\"@id\":\"https:\\\/\\\/zeitschild.de\\\/en\\\/#website\",\"url\":\"https:\\\/\\\/zeitschild.de\\\/en\\\/\",\"name\":\"Zeitschild GmbH\",\"description\":\"Hautpflege | Gesichtspflege | Tagescreme | Nachtcreme\",\"publisher\":{\"@id\":\"https:\\\/\\\/zeitschild.de\\\/en\\\/#organization\"},\"potentialAction\":[{\"@type\":\"SearchAction\",\"target\":{\"@type\":\"EntryPoint\",\"urlTemplate\":\"https:\\\/\\\/zeitschild.de\\\/en\\\/?s={search_term_string}\"},\"query-input\":{\"@type\":\"PropertyValueSpecification\",\"valueRequired\":true,\"valueName\":\"search_term_string\"}}],\"inLanguage\":\"en-US\"},{\"@type\":\"Organization\",\"@id\":\"https:\\\/\\\/zeitschild.de\\\/en\\\/#organization\",\"name\":\"Zeitschild GmbH\",\"url\":\"https:\\\/\\\/zeitschild.de\\\/en\\\/\",\"logo\":{\"@type\":\"ImageObject\",\"inLanguage\":\"en-US\",\"@id\":\"https:\\\/\\\/zeitschild.de\\\/en\\\/#\\\/schema\\\/logo\\\/image\\\/\",\"url\":\"https:\\\/\\\/zeitschild.de\\\/wp-content\\\/uploads\\\/2019\\\/09\\\/Logo_Zeitschild_3c72.png\",\"contentUrl\":\"https:\\\/\\\/zeitschild.de\\\/wp-content\\\/uploads\\\/2019\\\/09\\\/Logo_Zeitschild_3c72.png\",\"width\":212,\"height\":45,\"caption\":\"Zeitschild GmbH\"},\"image\":{\"@id\":\"https:\\\/\\\/zeitschild.de\\\/en\\\/#\\\/schema\\\/logo\\\/image\\\/\"},\"sameAs\":[\"https:\\\/\\\/www.facebook.com\\\/zeitschild\\\/\",\"https:\\\/\\\/www.instagram.com\\\/zeitschild\\\/\",\"https:\\\/\\\/www.youtube.com\\\/channel\\\/UCMyKYFDf3bbeF_ozJ1UXpbw\"]}]}<\/script>\n<!-- \/ Yoast SEO plugin. -->","yoast_head_json":{"title":"Versand u. Zahlung - Zeitschild","robots":{"index":"index","follow":"follow","max-snippet":"max-snippet:-1","max-image-preview":"max-image-preview:large","max-video-preview":"max-video-preview:-1"},"canonical":"https:\/\/zeitschild.de\/en\/versand-und-zahlung\/","og_locale":"en_US","og_type":"article","og_title":"Versand u. Zahlung - Zeitschild","og_description":"[vc_row thb_divider_position=&#8221;bottom&#8221;][vc_column][vc_empty_space mobile_height=&#8221;10px&#8221; height=&#8221;86px&#8221;][\/vc_column][\/vc_row][vc_row thb_divider_position=&#8221;bottom&#8221;][vc_column][vc_column_text] Versand [\/vc_column_text][\/vc_column][\/vc_row][vc_row thb_divider_position=&#8221;bottom&#8221;][vc_column][vc_column_text]Die Versandkostenpauschale betr\u00e4gt innerhalb Deutschlands 5,90 Euro. Ab einer Bestellung von 2 Produkten erfolgt der Versand kostenfrei. Die Versanskostenpauschale innerhalb Europas betr\u00e4gt 9,65 Euro. Die Versandkosten werden Ihnen im Warenkorbsystem und auf der Bestellseite nochmals deutlich mitgeteilt.[\/vc_column_text][\/vc_column][\/vc_row][vc_row thb_divider_position=&#8221;bottom&#8221;][vc_column][vc_column_text] Lieferzeiten [\/vc_column_text][vc_column_text]Unsere Versandzeiten k\u00f6nnen variieren. Sobald Ihre Bestellung eingegangen ist&hellip;","og_url":"https:\/\/zeitschild.de\/en\/versand-und-zahlung\/","og_site_name":"Zeitschild","article_publisher":"https:\/\/www.facebook.com\/zeitschild\/","twitter_card":"summary_large_image","twitter_misc":{"Est. reading time":"3 minutes"},"schema":{"@context":"https:\/\/schema.org","@graph":[{"@type":"WebPage","@id":"https:\/\/zeitschild.de\/en\/versand-und-zahlung\/","url":"https:\/\/zeitschild.de\/en\/versand-und-zahlung\/","name":"Versand u. Zahlung - Zeitschild","isPartOf":{"@id":"https:\/\/zeitschild.de\/en\/#website"},"datePublished":"2019-09-30T12:27:31+00:00","breadcrumb":{"@id":"https:\/\/zeitschild.de\/en\/versand-und-zahlung\/#breadcrumb"},"inLanguage":"en-US","potentialAction":[{"@type":"ReadAction","target":["https:\/\/zeitschild.de\/en\/versand-und-zahlung\/"]}]},{"@type":"BreadcrumbList","@id":"https:\/\/zeitschild.de\/en\/versand-und-zahlung\/#breadcrumb","itemListElement":[{"@type":"ListItem","position":1,"name":"Startseite","item":"https:\/\/zeitschild.de\/en\/"},{"@type":"ListItem","position":2,"name":"Versand u. Zahlung"}]},{"@type":"WebSite","@id":"https:\/\/zeitschild.de\/en\/#website","url":"https:\/\/zeitschild.de\/en\/","name":"Zeitschild GmbH","description":"Hautpflege | Gesichtspflege | Tagescreme | Nachtcreme","publisher":{"@id":"https:\/\/zeitschild.de\/en\/#organization"},"potentialAction":[{"@type":"SearchAction","target":{"@type":"EntryPoint","urlTemplate":"https:\/\/zeitschild.de\/en\/?s={search_term_string}"},"query-input":{"@type":"PropertyValueSpecification","valueRequired":true,"valueName":"search_term_string"}}],"inLanguage":"en-US"},{"@type":"Organization","@id":"https:\/\/zeitschild.de\/en\/#organization","name":"Zeitschild GmbH","url":"https:\/\/zeitschild.de\/en\/","logo":{"@type":"ImageObject","inLanguage":"en-US","@id":"https:\/\/zeitschild.de\/en\/#\/schema\/logo\/image\/","url":"https:\/\/zeitschild.de\/wp-content\/uploads\/2019\/09\/Logo_Zeitschild_3c72.png","contentUrl":"https:\/\/zeitschild.de\/wp-content\/uploads\/2019\/09\/Logo_Zeitschild_3c72.png","width":212,"height":45,"caption":"Zeitschild GmbH"},"image":{"@id":"https:\/\/zeitschild.de\/en\/#\/schema\/logo\/image\/"},"sameAs":["https:\/\/www.facebook.com\/zeitschild\/","https:\/\/www.instagram.com\/zeitschild\/","https:\/\/www.youtube.com\/channel\/UCMyKYFDf3bbeF_ozJ1UXpbw"]}]}},"_links":{"self":[{"href":"https:\/\/zeitschild.de\/en\/wp-json\/wp\/v2\/pages\/7420","targetHints":{"allow":["GET"]}}],"collection":[{"href":"https:\/\/zeitschild.de\/en\/wp-json\/wp\/v2\/pages"}],"about":[{"href":"https:\/\/zeitschild.de\/en\/wp-json\/wp\/v2\/types\/page"}],"author":[{"embeddable":true,"href":"https:\/\/zeitschild.de\/en\/wp-json\/wp\/v2\/users\/1"}],"replies":[{"embeddable":true,"href":"https:\/\/zeitschild.de\/en\/wp-json\/wp\/v2\/comments?post=7420"}],"version-history":[{"count":0,"href":"https:\/\/zeitschild.de\/en\/wp-json\/wp\/v2\/pages\/7420\/revisions"}],"wp:attachment":[{"href":"https:\/\/zeitschild.de\/en\/wp-json\/wp\/v2\/media?parent=7420"}],"curies":[{"name":"wp","href":"https:\/\/api.w.org\/{rel}","templated":true}]}}